{"id":104,"date":"2022-03-08T13:54:59","date_gmt":"2022-03-08T12:54:59","guid":{"rendered":"http:\/\/85.8.16.55\/clubs\/?page_id=5"},"modified":"2026-01-14T18:01:21","modified_gmt":"2026-01-14T17:01:21","slug":"presentera-din-klubb","status":"publish","type":"page","link":"https:\/\/rcff.se\/clubs\/?page_id=104","title":{"rendered":"Presentera din klubb"},"content":{"rendered":"\n<p class=\"has-black-color has-text-color has-background\" style=\"background-color:#0060d46e\">Fyll i uppgifter om din klubb f\u00f6r att placera ett m\u00e4rke p\u00e5 kartan och en post i listan<\/p>\n\n\n\n<div class=\"wp-block-columns is-layout-flex wp-container-core-columns-is-layout-9d6595d7 wp-block-columns-is-layout-flex\">\n<div class=\"wp-block-column is-layout-flow wp-block-column-is-layout-flow\" style=\"flex-basis:100%\">\n<p class=\"has-text-align-left has-black-color has-text-color has-small-font-size\">        <style>\n          tr.captcha, div.captcha.control-group {\n            display: none;\n          }\n        <\/style>\n        <div class=\"wrap pdb-signup pdb-instance-2 pdb-scroll-to-error\" >\n\n    <form method=\"post\" enctype=\"multipart\/form-data\"  autocomplete=\"off\" action=\"\/clubs\/index.php?rest_route=%2Fwp%2Fv2%2Fpages%2F104\" ><input name=\"action\" type=\"hidden\" value=\"signup\" \/>\n\n<input name=\"subsource\" type=\"hidden\" value=\"participants-database\" \/>\n\n<input name=\"shortcode_page\" type=\"hidden\" value=\"\/clubs\/index.php?rest_route=%2Fwp%2Fv2%2Fpages%2F104\" \/>\n\n<input name=\"thanks_page\" type=\"hidden\" value=\"https:\/\/rcff.se\/clubs\/?page_id=58\" \/>\n\n<input name=\"instance_index\" type=\"hidden\" value=\"2\" \/>\n\n<input name=\"pdb_data_keys\" type=\"hidden\" value=\"21.4.22.23.24.26.25.27.28.31.32.29.35.45.42.43.44.1.2.9.8.30.41\" \/>\n\n<input name=\"session_hash\" type=\"hidden\" value=\"fc9daf1530\" \/>\n\n    <table class=\"form-table pdb-signup\">\n\n      \n      <tbody class=\"field-group field-group-publika_uppgifter\">\n        \n                <tr class=\"signup-group\">\n          <td colspan=\"2\">\n            \n            <h3 class=\"pdb-group-title\">Uppgifter om klubben<\/h3>            \n          <\/td>\n        <\/tr>\n        \n        \n        <tr class=\"text-line klubb-input-group\">\n\n          <th for=\"pdb-klubb-2\">Klubb<span class=\"reqd\">*<\/span><\/th>\n\n          <td>\n\n            <input name=\"klubb\" id=\"pdb-klubb-2\" class=\"required-field regular-text\" type=\"text\" value=\"\" \/>\n\n                        <span class=\"helptext\"><br>Ange klubbens namn<\/span>\n                        \n          <\/td>\n\n        <\/tr>\n  \n        \n        <tr class=\"text-line city-input-group\">\n\n          <th for=\"pdb-city-2\">Ort<span class=\"reqd\">*<\/span><\/th>\n\n          <td>\n\n            <input name=\"city\" id=\"pdb-city-2\" class=\"required-field regular-text\" type=\"text\" value=\"\" \/>\n\n                        <span class=\"helptext\"><br>Ange ort f\u00f6r klubben<\/span>\n                        \n          <\/td>\n\n        <\/tr>\n  \n        \n        <tr class=\"rich-text allm\u00e4n_info-input-group\">\n\n          <th for=\"pdb-allm\u00e4n_info-2\">Allm\u00e4n info<span class=\"reqd\">*<\/span><\/th>\n\n          <td>\n\n            <textarea name=\"allm\u00e4n_info\" id=\"pdb_allmn_info_two\" rows=&quot;20&quot; cols=&quot;40&quot;>\n\n<\/textarea>\n    <script>\n      jQuery(function ($) {\n        if (wp.editor) {\n          wp.editor.initialize(\"pdb_allmn_info_two\", {\"wpautop\":true,\"media_buttons\":false,\"default_editor\":\"\",\"drag_drop_upload\":false,\"textarea_name\":\"allmu00e4n_info\",\"textarea_rows\":20,\"tabindex\":\"\",\"tabfocus_elements\":\":prev,:next\",\"editor_css\":\"\",\"editor_class\":\"\",\"teeny\":false,\"_content_editor_dfw\":false,\"tinymce\":{\"theme\":\"modern\",\"skin\":\"lightgray\",\"language\":\"sv\",\"formats\":{alignleft: [{selector: \"p,h1,h2,h3,h4,h5,h6,td,th,div,ul,ol,li\", styles: {textAlign:\"left\"}},{selector: \"img,table,dl.wp-caption\", classes: \"alignleft\"}],aligncenter: [{selector: \"p,h1,h2,h3,h4,h5,h6,td,th,div,ul,ol,li\", styles: {textAlign:\"center\"}},{selector: \"img,table,dl.wp-caption\", classes: \"aligncenter\"}],alignright: [{selector: \"p,h1,h2,h3,h4,h5,h6,td,th,div,ul,ol,li\", styles: {textAlign:\"right\"}},{selector: \"img,table,dl.wp-caption\", classes: \"alignright\"}],strikethrough: {inline: \"del\"}},\"relative_urls\":false,\"remove_script_host\":false,\"convert_urls\":false,\"browser_spellcheck\":true,\"fix_list_elements\":true,\"entities\":\"38,amp,60,lt,62,gt\",\"entity_encoding\":\"raw\",\"keep_styles\":false,\"cache_suffix\":\"wp-mce-49110-20250317\",\"resize\":\"vertical\",\"menubar\":false,\"branding\":false,\"preview_styles\":\"font-family font-size font-weight font-style text-decoration text-transform\",\"end_container_on_empty_block\":true,\"wpeditimage_html5_captions\":true,\"wp_lang_attr\":\"sv-SE\",\"wp_shortcut_labels\":{\"Heading 1\":\"access1\",\"Heading 2\":\"access2\",\"Heading 3\":\"access3\",\"Heading 4\":\"access4\",\"Heading 5\":\"access5\",\"Heading 6\":\"access6\",\"Paragraph\":\"access7\",\"Blockquote\":\"accessQ\",\"Underline\":\"metaU\",\"Strikethrough\":\"accessD\",\"Bold\":\"metaB\",\"Italic\":\"metaI\",\"Code\":\"accessX\",\"Align center\":\"accessC\",\"Align right\":\"accessR\",\"Align left\":\"accessL\",\"Justify\":\"accessJ\",\"Cut\":\"metaX\",\"Copy\":\"metaC\",\"Paste\":\"metaV\",\"Select all\":\"metaA\",\"Undo\":\"metaZ\",\"Redo\":\"metaY\",\"Bullet list\":\"accessU\",\"Numbered list\":\"accessO\",\"Insert\/edit image\":\"accessM\",\"Insert\/edit link\":\"metaK\",\"Remove link\":\"accessS\",\"Toolbar Toggle\":\"accessZ\",\"Insert Read More tag\":\"accessT\",\"Insert Page Break tag\":\"accessP\",\"Distraction-free writing mode\":\"accessW\",\"Add Media\":\"accessM\",\"Keyboard Shortcuts\":\"accessH\"},\"content_css\":\"https:\/\/rcff.se\/clubs\/wp-includes\/css\/dashicons.min.css?ver=6.9.4,https:\/\/rcff.se\/clubs\/wp-includes\/js\/tinymce\/skins\/wordpress\/wp-content.css?ver=6.9.4\",\"plugins\":\"charmap,colorpicker,hr,lists,media,paste,tabfocus,textcolor,fullscreen,wordpress,wpautoresize,wpeditimage,wpemoji,wpgallery,wplink,wpdialogs,wptextpattern,wpview,image\",\"selector\":\"#pdb_allmn_info_two\",\"wpautop\":true,\"indent\":false,\"toolbar1\":\"formatselect,bold,italic,bullist,numlist,blockquote,alignleft,aligncenter,alignright,link,wp_more,spellchecker,fullscreen,wp_adv\",\"toolbar2\":\"strikethrough,hr,forecolor,pastetext,removeformat,charmap,outdent,indent,undo,redo,wp_help\",\"toolbar3\":\"\",\"toolbar4\":\"\",\"tabfocus_elements\":\":prev,:next\",\"body_class\":\"pdb_allmn_info_two post-type-page post-status-publish page-template-template-fullwidth locale-sv-se\",\"setup\":[function(ed){ed.on('input',function(e){jQuery(this.container).trigger('pdb-tinymce-change');});}][0],\"height\":\"24em\"},\"quicktags\":true});\n                  } else {\n          console.warn('WP Core text editor not loaded: rich text editors are disabled.');\n        }\n      });\n    <\/script>\n    \n\n                        <span class=\"helptext\"><br>Skriv en enkel presentation av din klubb.<\/span>\n                        \n          <\/td>\n\n        <\/tr>\n  \n        \n        <tr class=\"multi-checkbox prova_p\u00e5_med_dubbelkommando_-input-group\">\n\n          <th for=\"pdb-prova_p\u00e5_med_dubbelkommando_-2\">\"Prova p\u00e5\" med dubbelkommando<span class=\"reqd\">*<\/span><\/th>\n\n          <td>\n\n            <div class=\"multicheckbox\">\n<input name=\"prova_p\u00e5_med_dubbelkommando_[]\" id=\"pdb-prova_p\u00e5_med_dubbelkommando_-2-default\" class=\"required-field\" type=\"hidden\" value=\"\" \/>\n<div class=\"checkbox-group\">\n<fieldset class=\"no-border\">\n<legend class=\"screen-reader-text\">&quot;Prova p\u00e5&quot; med dubbelkommando<\/legend>\n<label class=\"required-field\" for=\"pdb-prova_p_med_dubbelkommando_-ja-2\">\n<input name=\"prova_p\u00e5_med_dubbelkommando_[]\" id=\"pdb-prova_p_med_dubbelkommando_-ja-2\" class=\"required-field\" type=\"checkbox\" value=\"Ja\" \/>\nJa<\/label>\n<label class=\"required-field\" for=\"pdb-prova_p_med_dubbelkommando_-nej-2\">\n<input name=\"prova_p\u00e5_med_dubbelkommando_[]\" id=\"pdb-prova_p_med_dubbelkommando_-nej-2\" class=\"required-field\" type=\"checkbox\" value=\"Nej\" \/>\nNej<\/label>\n<label class=\"required-field\" for=\"pdb-prova_p_med_dubbelkommando_-efter-verenskommelse-2\">\n<input name=\"prova_p\u00e5_med_dubbelkommando_[]\" id=\"pdb-prova_p_med_dubbelkommando_-efter-verenskommelse-2\" class=\"required-field\" type=\"checkbox\" value=\"Efter \u00f6verenskommelse\" \/>\nEfter \u00f6verenskommelse<\/label>\n<\/fieldset><!-- .no-border --><\/div><!-- .checkbox-group -->\n<\/div>\n\n                        <span class=\"helptext\">Har klubben m\u00f6jlighet till dubbelkommando f\u00f6r \"prova p\u00e5\" eller utbildning?<\/span>\n                        \n          <\/td>\n\n        <\/tr>\n  \n        \n        <tr class=\"text-line kontaktperson_-input-group\">\n\n          <th for=\"pdb-kontaktperson_-2\">Kontaktperson <\/th>\n\n          <td>\n\n            <input name=\"kontaktperson_\" id=\"pdb-kontaktperson_-2\" class=\" regular-text\" type=\"text\" value=\"\" \/>\n\n                        <span class=\"helptext\"><br>Kontaktperson, publiceras p\u00e5 webben<\/span>\n                        \n          <\/td>\n\n        <\/tr>\n  \n        \n        <tr class=\"text-line kontakt__e_post-input-group\">\n\n          <th for=\"pdb-kontakt__e_post-2\">Kontakt  E-post<\/th>\n\n          <td>\n\n            <input name=\"kontakt__e_post\" id=\"pdb-kontakt__e_post-2\" class=\" regular-text\" type=\"text\" value=\"\" \/>\n\n                        <span class=\"helptext\"><br>Epostadress f\u00f6r kontakt, publiceras p\u00e5 webben<\/span>\n                        \n          <\/td>\n\n        <\/tr>\n  \n        \n        <tr class=\"text-line kontakt_via_telefon-input-group\">\n\n          <th for=\"pdb-kontakt_via_telefon-2\">Kontakt via telefon<\/th>\n\n          <td>\n\n            <input name=\"kontakt_via_telefon\" id=\"pdb-kontakt_via_telefon-2\" class=\" regular-text\" type=\"text\" value=\"\" \/>\n\n                        <span class=\"helptext\"> <br>Telefon f\u00f6r att kontakta klubben, publiceras p\u00e5 webben<\/span>\n                        \n          <\/td>\n\n        <\/tr>\n  \n        \n        <tr class=\"link klubbens_hemsida-input-group\">\n\n          <th for=\"pdb-klubbens_hemsida-2\">Klubbens hemsida<\/th>\n\n          <td>\n\n            <div class=\"link-element\">\n<input name=\"klubbens_hemsida[]\" id=\"pdb-klubbens_hemsida-2-url\" placeholder=\"(URL)\" type=\"url\" value=\"\" \/>\n<input name=\"klubbens_hemsida[]\" id=\"pdb-klubbens_hemsida-2-text\" placeholder=\"Link Text\" type=\"text\" value=\"\" \/><\/div>\n\n                        <span class=\"helptext\">L\u00e4nk till klubbens hemsida<\/span>\n                        \n          <\/td>\n\n        <\/tr>\n  \n        \n        <tr class=\"link klubbens_fb_sida-input-group\">\n\n          <th for=\"pdb-klubbens_fb_sida-2\">Klubbens FB-sida<\/th>\n\n          <td>\n\n            <div class=\"link-element\">\n<input name=\"klubbens_fb_sida[]\" id=\"pdb-klubbens_fb_sida-2-url\" placeholder=\"(URL)\" type=\"url\" value=\"\" \/>\n<input name=\"klubbens_fb_sida[]\" id=\"pdb-klubbens_fb_sida-2-text\" placeholder=\"Link Text\" type=\"text\" value=\"\" \/><\/div>\n\n                        <span class=\"helptext\">L\u00e4nk till klubbens Facebook-sida<\/span>\n                        \n          <\/td>\n\n        <\/tr>\n  \n        \n        <tr class=\"text-line koordinater_latitud-input-group\">\n\n          <th for=\"pdb-koordinater_latitud-2\">Koordinater (latitud)<span class=\"reqd\">*<\/span><\/th>\n\n          <td>\n\n            <input name=\"koordinater_latitud\" id=\"pdb-koordinater_latitud-2\" class=\"required-field regular-text\" type=\"text\" value=\"\" \/>\n\n                        <span class=\"helptext\"><br>Ange i samma format som p\u00e5 Google Map (XX.xxxxxx)<\/span>\n                        \n          <\/td>\n\n        <\/tr>\n  \n        \n        <tr class=\"text-line koordinater_longitud-input-group\">\n\n          <th for=\"pdb-koordinater_longitud-2\">Koordinater (longitud)<span class=\"reqd\">*<\/span><\/th>\n\n          <td>\n\n            <input name=\"koordinater_longitud\" id=\"pdb-koordinater_longitud-2\" class=\"required-field regular-text\" type=\"text\" value=\"\" \/>\n\n                        <span class=\"helptext\"><br>Ange i samma format som p\u00e5 Google Map (YY.yyyyyy)<\/span>\n                        \n          <\/td>\n\n        <\/tr>\n  \n        \n        <tr class=\"image-upload l\u00e4gg_till_bild-input-group\">\n\n          <th for=\"pdb-l\u00e4gg_till_bild-2\">L\u00e4gg till bild<\/th>\n\n          <td>\n\n            <div class=\"pdb-upload\">\n<input name=\"MAX_FILE_SIZE\" type=\"hidden\" value=\"16777216\" \/>\n\n<input name=\"l\u00e4gg_till_bild\" type=\"hidden\" value=\"\" \/>\n\n<input name=\"l\u00e4gg_till_bild\" id=\"pdb-l\u00e4gg_till_bild-2\" type=\"file\" value=\"\" \/>\n<\/div>\n\n                        <span class=\"helptext\">Bilden f\u00e5r vara max 2 Mb och i n\u00e5got av formaten .png .jpg .jpeg eller .gif med fil\u00e4ndelsen synlig i filnamnet. <\/span>\n                        \n          <\/td>\n\n        <\/tr>\n  \n        \n        <tr class=\"text-line slogan-input-group\">\n\n          <th for=\"pdb-slogan-2\">Slogan<\/th>\n\n          <td>\n\n            <input name=\"slogan\" id=\"pdb-slogan-2\" class=\" regular-text\" type=\"text\" value=\"\" \/>\n\n                        <span class=\"helptext\"><br>L\u00e4ggs till i slutet p\u00e5 presentationen<\/span>\n                        \n          <\/td>\n\n        <\/tr>\n  \n        \n        <tr class=\"multi-checkbox accepterar_klubben_medlemmar_fr\u00e5n_b\u00e5de_rcff_och_smff-input-group\">\n\n          <th for=\"pdb-accepterar_klubben_medlemmar_fr\u00e5n_b\u00e5de_rcff_och_smff-2\">Accepterar klubben medlemmar fr\u00e5n b\u00e5de RCFF och SMFF?<\/th>\n\n          <td>\n\n            <div class=\"multicheckbox\">\n<input name=\"accepterar_klubben_medlemmar_fr\u00e5n_b\u00e5de_rcff_och_smff[]\" id=\"pdb-accepterar_klubben_medlemmar_fr\u00e5n_b\u00e5de_rcff_och_smff-2-default\" type=\"hidden\" value=\"\" \/>\n<div class=\"checkbox-group\">\n<fieldset class=\"no-border\">\n<legend class=\"screen-reader-text\">Accepterar klubben medlemmar fr\u00e5n b\u00e5de RCFF och SMFF?<\/legend>\n<label for=\"pdb-accepterar_klubben_medlemmar_frn_bde_rcff_och_smff-ja-2\">\n<input name=\"accepterar_klubben_medlemmar_fr\u00e5n_b\u00e5de_rcff_och_smff[]\" id=\"pdb-accepterar_klubben_medlemmar_frn_bde_rcff_och_smff-ja-2\" type=\"checkbox\" value=\"Ja\" \/>\nJa<\/label>\n<label for=\"pdb-accepterar_klubben_medlemmar_frn_bde_rcff_och_smff-nej-2\">\n<input name=\"accepterar_klubben_medlemmar_fr\u00e5n_b\u00e5de_rcff_och_smff[]\" id=\"pdb-accepterar_klubben_medlemmar_frn_bde_rcff_och_smff-nej-2\" type=\"checkbox\" value=\"Nej\" \/>\nNej<\/label>\n<label for=\"pdb-accepterar_klubben_medlemmar_frn_bde_rcff_och_smff-rcff-2\">\n<input name=\"accepterar_klubben_medlemmar_fr\u00e5n_b\u00e5de_rcff_och_smff[]\" id=\"pdb-accepterar_klubben_medlemmar_frn_bde_rcff_och_smff-rcff-2\" type=\"checkbox\" value=\"RCFF\" \/>\nRCFF<\/label>\n<label for=\"pdb-accepterar_klubben_medlemmar_frn_bde_rcff_och_smff-smff-2\">\n<input name=\"accepterar_klubben_medlemmar_fr\u00e5n_b\u00e5de_rcff_och_smff[]\" id=\"pdb-accepterar_klubben_medlemmar_frn_bde_rcff_och_smff-smff-2\" type=\"checkbox\" value=\"SMFF\" \/>\nSMFF<\/label>\n<\/fieldset><!-- .no-border --><\/div><!-- .checkbox-group -->\n<\/div>\n\n                        \n          <\/td>\n\n        <\/tr>\n  \n        \n        <tr class=\"numeric hur_m\u00e5nga_medlemmar_har_klubben-input-group\">\n\n          <th for=\"pdb-hur_m\u00e5nga_medlemmar_har_klubben-2\">Hur m\u00e5nga medlemmar har klubben?<\/th>\n\n          <td>\n\n            <input name=\"hur_m\u00e5nga_medlemmar_har_klubben\" id=\"pdb-hur_m\u00e5nga_medlemmar_har_klubben-2\" type=\"number\" value=\"\" \/>\n\n                        \n          <\/td>\n\n        <\/tr>\n  \n        \n        <tr class=\"numeric antal_smff-input-group\">\n\n          <th for=\"pdb-antal_smff-2\">Antal SMFF<\/th>\n\n          <td>\n\n            <input name=\"antal_smff\" id=\"pdb-antal_smff-2\" type=\"number\" value=\"\" \/>\n\n                        \n          <\/td>\n\n        <\/tr>\n  \n        \n        <tr class=\"numeric antal__rcff-input-group\">\n\n          <th for=\"pdb-antal__rcff-2\">Antal  RCFF<\/th>\n\n          <td>\n\n            <input name=\"antal__rcff\" id=\"pdb-antal__rcff-2\" type=\"number\" value=\"\" \/>\n\n                        \n          <\/td>\n\n        <\/tr>\n  \n                \n        <\/tbody>\n\n      \n      <tbody class=\"field-group field-group-administrativa_uppgifter\">\n        \n                <tr class=\"signup-group\">\n          <td colspan=\"2\">\n            \n            <h3 class=\"pdb-group-title\">Administrativa uppgifter<\/h3>            <p class=\"pdb-group-description\">Dessa uppgifter \u00e4r bara f\u00f6r internt bruk och publiceras inte.<\/p>\n          <\/td>\n        <\/tr>\n        \n        \n        <tr class=\"text-line first_name-input-group\">\n\n          <th for=\"pdb-first_name-2\">F\u00f6rnamn (admin)<span class=\"reqd\">*<\/span><\/th>\n\n          <td>\n\n            <input name=\"first_name\" id=\"pdb-first_name-2\" class=\"required-field regular-text\" type=\"text\" value=\"\" \/>\n\n                        <span class=\"helptext\"><br>Den som ansvarar f\u00f6r klubbens uppgifter, publiceras inte.<\/span>\n                        \n          <\/td>\n\n        <\/tr>\n  \n        \n        <tr class=\"text-line last_name-input-group\">\n\n          <th for=\"pdb-last_name-2\">Efternamn (admin)<span class=\"reqd\">*<\/span><\/th>\n\n          <td>\n\n            <input name=\"last_name\" id=\"pdb-last_name-2\" class=\"required-field regular-text\" type=\"text\" value=\"\" \/>\n\n                        <span class=\"helptext\"><br>Den som ansvarar f\u00f6r klubbens uppgifter, publiceras inte.<\/span>\n                        \n          <\/td>\n\n        <\/tr>\n  \n        \n        <tr class=\"text-line email-input-group\">\n\n          <th for=\"pdb-email-2\">E-post (admin)<span class=\"reqd\">*<\/span><\/th>\n\n          <td>\n\n            <input name=\"email\" id=\"pdb-email-2\" class=\"required-field regular-text\" type=\"text\" value=\"\" \/>\n\n                        <span class=\"helptext\"><br>Ange din egen epostadress f\u00f6r administration, publiceras inte.<\/span>\n                        \n          <\/td>\n\n        <\/tr>\n  \n        \n        <tr class=\"text-line phone-input-group\">\n\n          <th for=\"pdb-phone-2\">Telefon (admin)<span class=\"reqd\">*<\/span><\/th>\n\n          <td>\n\n            <input name=\"phone\" id=\"pdb-phone-2\" class=\"required-field regular-text\" type=\"text\" value=\"\" \/>\n\n                        <span class=\"helptext\"><br>Ditt privata telefonnummer f\u00f6r administration, publiceras inte.<\/span>\n                        \n          <\/td>\n\n        <\/tr>\n  \n        \n        <tr class=\"multi-checkbox gdpr-input-group\">\n\n          <th for=\"pdb-gdpr-2\">GDPR<span class=\"reqd\">*<\/span><\/th>\n\n          <td>\n\n            <div class=\"multicheckbox\">\n<input name=\"gdpr[]\" id=\"pdb-gdpr-2-default\" class=\"required-field\" type=\"hidden\" value=\"\" \/>\n<div class=\"checkbox-group\">\n<fieldset class=\"no-border\">\n<legend class=\"screen-reader-text\">GDPR<\/legend>\n<label class=\"required-field\" for=\"pdb-gdpr-godknner-att-uppgifterna-lagras-och-publiceras-2\">\n<input name=\"gdpr[]\" id=\"pdb-gdpr-godknner-att-uppgifterna-lagras-och-publiceras-2\" class=\"required-field\" type=\"checkbox\" value=\"Godk\u00e4nner att uppgifterna lagras och publiceras.\" \/>\nGodk\u00e4nner att uppgifterna lagras och publiceras.<\/label>\n<\/fieldset><!-- .no-border --><\/div><!-- .checkbox-group -->\n<\/div>\n\n                        <span class=\"helptext\"><br>Du m\u00e5ste godk\u00e4nna att uppgifterna f\u00e5r publiceras p\u00e5 webben<\/span>\n                        \n          <\/td>\n\n        <\/tr>\n  \n        \n        <tr class=\"captcha chaptcha-input-group\">\n\n          <th for=\"pdb-chaptcha-2\">chaptcha<span class=\"reqd\">*<\/span><\/th>\n\n          <td>\n\n            <input name=\"chaptcha[]\" type=\"hidden\" value=\"%7B%22type%22%3A%22recaptcha%22%2C%22nonce%22%3A%22%22%2C%22info%22%3A%5B%5D%7D\" \/>\n\n\n      <div id=\"recaptcha-widget\"><\/div>\n\n      \n\n                        \n          <\/td>\n\n        <\/tr>\n  \n                \n        <\/tbody>\n\n            \n        <tbody class=\"field-group field-group-submit\">\n      \n        <tr>\n          <td class=\"submit-buttons\">\n            \n           <input name=\"submit_button\" class=\"button-primary pdb-submit\" type=\"submit\" value=\"Registrera uppgifterna\" \/>\n            \n          <\/td>\n          <td class=\"submit-buttons\">\n            \n           <span class=\"pdb-retrieve-link\"><a href=\"\/clubs\/index.php?rest_route=%2Fwp%2Fv2%2Fpages%2F104&amp;m=r\">F\u00f6rlorat din privata l\u00e4nk? Klicka h\u00e4r f\u00f6r att f\u00e5 den skickad p\u00e5 nytt.<\/a><\/span>           \n          <\/td>\n        <\/tr>\n        \n      <\/tbody>\n      \n    <\/table>\n    \n  <\/form>  \n<\/div><\/p>\n<\/div>\n<\/div>\n\n\n\n<p>Hittar du inte mailet ?  Kolla \u00e4ven om det sorterats till skr\u00e4pkorgen.<\/p>\n\n\n\n<p><\/p>\n","protected":false},"excerpt":{"rendered":"<p>Fyll i uppgifter om din klubb f\u00f6r att placera ett m\u00e4rke p\u00e5 kartan och en post i listan Hittar du inte mailet ? Kolla \u00e4ven om det sorterats till skr\u00e4pkorgen.<\/p>\n","protected":false},"author":1,"featured_media":0,"parent":0,"menu_order":0,"comment_status":"closed","ping_status":"closed","template":"template-fullwidth.php","meta":{"footnotes":""},"class_list":["post-104","page","type-page","status-publish","hentry"],"_links":{"self":[{"href":"https:\/\/rcff.se\/clubs\/index.php?rest_route=\/wp\/v2\/pages\/104","targetHints":{"allow":["GET"]}}],"collection":[{"href":"https:\/\/rcff.se\/clubs\/index.php?rest_route=\/wp\/v2\/pages"}],"about":[{"href":"https:\/\/rcff.se\/clubs\/index.php?rest_route=\/wp\/v2\/types\/page"}],"author":[{"embeddable":true,"href":"https:\/\/rcff.se\/clubs\/index.php?rest_route=\/wp\/v2\/users\/1"}],"replies":[{"embeddable":true,"href":"https:\/\/rcff.se\/clubs\/index.php?rest_route=%2Fwp%2Fv2%2Fcomments&post=104"}],"version-history":[{"count":4,"href":"https:\/\/rcff.se\/clubs\/index.php?rest_route=\/wp\/v2\/pages\/104\/revisions"}],"predecessor-version":[{"id":396,"href":"https:\/\/rcff.se\/clubs\/index.php?rest_route=\/wp\/v2\/pages\/104\/revisions\/396"}],"wp:attachment":[{"href":"https:\/\/rcff.se\/clubs\/index.php?rest_route=%2Fwp%2Fv2%2Fmedia&parent=104"}],"curies":[{"name":"wp","href":"https:\/\/api.w.org\/{rel}","templated":true}]}}