{"id":2,"date":"2022-04-22T21:38:54","date_gmt":"2022-04-22T19:38:54","guid":{"rendered":"http:\/\/192.168.1.66\/rcff\/events\/?page_id=2"},"modified":"2026-03-16T15:58:38","modified_gmt":"2026-03-16T14:58:38","slug":"exempelsida","status":"publish","type":"page","link":"https:\/\/rcff.se\/events\/","title":{"rendered":"V\u00e4lkommen"},"content":{"rendered":"\n<figure class=\"wp-block-image size-large\"><img loading=\"lazy\" decoding=\"async\" width=\"1025\" height=\"231\" src=\"https:\/\/rcff.se\/events\/wp-content\/uploads\/participants-database\/2023\/03\/cropped-325395194_489096363401259_8727904534762930499_n-1025x231.jpg\" alt=\"\" class=\"wp-image-285\" srcset=\"https:\/\/rcff.se\/events\/wp-content\/uploads\/participants-database\/2023\/03\/cropped-325395194_489096363401259_8727904534762930499_n-1025x231.jpg 1025w, https:\/\/rcff.se\/events\/wp-content\/uploads\/participants-database\/2023\/03\/cropped-325395194_489096363401259_8727904534762930499_n-300x68.jpg 300w, https:\/\/rcff.se\/events\/wp-content\/uploads\/participants-database\/2023\/03\/cropped-325395194_489096363401259_8727904534762930499_n-150x34.jpg 150w, https:\/\/rcff.se\/events\/wp-content\/uploads\/participants-database\/2023\/03\/cropped-325395194_489096363401259_8727904534762930499_n-768x173.jpg 768w, https:\/\/rcff.se\/events\/wp-content\/uploads\/participants-database\/2023\/03\/cropped-325395194_489096363401259_8727904534762930499_n-200x45.jpg 200w, https:\/\/rcff.se\/events\/wp-content\/uploads\/participants-database\/2023\/03\/cropped-325395194_489096363401259_8727904534762930499_n.jpg 1078w\" sizes=\"auto, (max-width: 1025px) 100vw, 1025px\" \/><\/figure>\n\n\n\n<p><br>Den h\u00e4r sajten \u00e4r t\u00e4nkt som ett komplement till F\u00e4ltregistret och Svenska Modellflygklubbar d\u00e4r det finns uppgifter om v\u00e5ra svenska godk\u00e4nda modellflygf\u00e4lt. F\u00e4ltregistret \u00e4r ju en del i RCFFs\/SMFFs kommunikation med Transportstyrelsen och det kan d\u00e4rf\u00f6r inte g\u00f6ras \u00f6ppet f\u00f6r v\u00e5ra modellflygklubbar att redigera uppgifterna.<\/p>\n\n\n\n<p>Det finns flera platser i sociala medier att annonsera landets modellflygtr\u00e4ffar. Ett problem med dessa \u00e4r att informationen snabbt drunknar i det snabba fl\u00f6det och d\u00e5 kan vara sv\u00e5rt att hitta tillbaka till efter att det g\u00e5tt lite tid. <\/p>\n\n\n\n<p>F\u00f6r att g\u00f6ra det l\u00e4ttare f\u00f6r den som \u00e4r intresserad av modellflyg att hitta information och kontaktv\u00e4gar till s\u00e4songens modellflygtr\u00e4ffar sl\u00e4pper RCFF nu ett komplement till F\u00e4ltregistret och Svenska Modellflygklubbar d\u00e4r varje klubb kan l\u00e4gga in uppgifter om sina planerade modellflygtr\u00e4ffar och andra h\u00e4ndelser med modellflygkoppling.<br><br>Uppgifterna kan enkelt h\u00e5llas uppdaterade av respektive klubb. Alla publicerade tr\u00e4ffar\/h\u00e4ndelser g\u00e5r att hitta i en lista och en Google-karta liknande den \u00f6ver modellflygf\u00e4lt och klubbar. Kartan blir ocks\u00e5 l\u00e4nken till klubbens presentation och vidare kontaktv\u00e4g till den arrangerande klubben.<\/p>\n\n\n\n<p>F\u00f6r Svenska Modellflygtr\u00e4ffar \u2013 ett komplement till RCFFs\/SMFFs gemensamma F\u00e4ltregister och Svenska Modellflygklubbar. Sajten publiceras av <a href=\"https:\/\/www.rcflyg.se\">RCFF<\/a> och \u00e4r kostnadsfri f\u00f6r alla modellflygklubbar att anv\u00e4nda oberoende av f\u00f6rbundstillh\u00f6righet. <\/p>\n\n\n\n<p>Kravet \u00e4r att <strong>de event som publiceras h\u00e4r skall vara \u00f6ppna f\u00f6r modellflygare oberoende av f\u00f6rbundstillh\u00f6righet p\u00e5 lika villkor.<br><\/strong><br><\/p>\n\n\n\n<p><\/p>\n","protected":false},"excerpt":{"rendered":"<p>Den h\u00e4r sajten \u00e4r t\u00e4nkt som ett komplement till F\u00e4ltregistret och Svenska Modellflygklubbar d\u00e4r det finns uppgifter om v\u00e5ra svenska godk\u00e4nda modellflygf\u00e4lt. F\u00e4ltregistret \u00e4r ju en del i RCFFs\/SMFFs kommunikation &#8230;<\/p>\n","protected":false},"author":1,"featured_media":0,"parent":0,"menu_order":0,"comment_status":"closed","ping_status":"open","template":"template-fullwidth.php","meta":{"footnotes":""},"class_list":["post-2","page","type-page","status-publish","hentry"],"_links":{"self":[{"href":"https:\/\/rcff.se\/events\/index.php?rest_route=\/wp\/v2\/pages\/2","targetHints":{"allow":["GET"]}}],"collection":[{"href":"https:\/\/rcff.se\/events\/index.php?rest_route=\/wp\/v2\/pages"}],"about":[{"href":"https:\/\/rcff.se\/events\/index.php?rest_route=\/wp\/v2\/types\/page"}],"author":[{"embeddable":true,"href":"https:\/\/rcff.se\/events\/index.php?rest_route=\/wp\/v2\/users\/1"}],"replies":[{"embeddable":true,"href":"https:\/\/rcff.se\/events\/index.php?rest_route=%2Fwp%2Fv2%2Fcomments&post=2"}],"version-history":[{"count":17,"href":"https:\/\/rcff.se\/events\/index.php?rest_route=\/wp\/v2\/pages\/2\/revisions"}],"predecessor-version":[{"id":310,"href":"https:\/\/rcff.se\/events\/index.php?rest_route=\/wp\/v2\/pages\/2\/revisions\/310"}],"wp:attachment":[{"href":"https:\/\/rcff.se\/events\/index.php?rest_route=%2Fwp%2Fv2%2Fmedia&parent=2"}],"curies":[{"name":"wp","href":"https:\/\/api.w.org\/{rel}","templated":true}]}}