{"id":23,"date":"2022-04-28T18:55:37","date_gmt":"2022-04-28T16:55:37","guid":{"rendered":"http:\/\/192.168.1.66\/rcff\/events\/?page_id=23"},"modified":"2025-10-16T00:19:51","modified_gmt":"2025-10-15T22:19:51","slug":"registreringsformular","status":"publish","type":"page","link":"https:\/\/rcff.se\/events\/?page_id=23","title":{"rendered":"Registreringsformul\u00e4r"},"content":{"rendered":"\n<h6 class=\"wp-block-heading\">Registrering av modellflygtr\u00e4ff<\/h6>\n\n\n\n<p class=\"has-background\" style=\"background:linear-gradient(135deg,rgb(248,248,248) 0%,rgb(244,246,247) 58%,rgb(221,221,221) 97%)\">Fyll i en kortfattad beskrivning av tr\u00e4ffen. Viktigt att du anger uppgifter d\u00e4r man kan hitta ytterligare info, t ex adress till hemsida, Facebook eller liknande. Det du publicerar h\u00e4r kommer att tas bort n\u00e4r datum f\u00f6r tr\u00e4ffen passerats. <\/p>\n\n\n\n        <style>\n          tr.captcha, div.captcha.control-group {\n            display: none;\n          }\n        <\/style>\n        <div class=\"wrap pdb-signup pdb-instance-2 pdb-scroll-to-error\" >\n\n    <form method=\"post\" enctype=\"multipart\/form-data\"  autocomplete=\"off\" action=\"\/events\/index.php?rest_route=%2Fwp%2Fv2%2Fpages%2F23\" ><input name=\"action\" type=\"hidden\" value=\"signup\" \/>\n\n<input name=\"subsource\" type=\"hidden\" value=\"participants-database\" \/>\n\n<input name=\"shortcode_page\" type=\"hidden\" value=\"\/events\/index.php?rest_route=%2Fwp%2Fv2%2Fpages%2F23\" \/>\n\n<input name=\"thanks_page\" type=\"hidden\" value=\"https:\/\/rcff.se\/events\/?page_id=23\" \/>\n\n<input name=\"instance_index\" type=\"hidden\" value=\"2\" \/>\n\n<input name=\"pdb_data_keys\" type=\"hidden\" value=\"27.61.28.4.42.41.9.23.24.29.30.35.34.31.55.36.37.38.39.40.62\" \/>\n\n<input name=\"session_hash\" type=\"hidden\" value=\"ed5414fb41\" \/>\n\n    <table class=\"form-table pdb-signup\">\n\n      \n      <tbody class=\"field-group field-group-main\">\n        \n                <tr class=\"signup-group\">\n          <td colspan=\"2\">\n            \n            <h3 class=\"pdb-group-title\">Publika uppgifter<\/h3>            <p class=\"pdb-group-description\">Dessa uppgifter publiceras i kartan. F\u00e4lt m\u00e4rkta med * \u00e4r obligatoriska.<\/p>\n          <\/td>\n        <\/tr>\n        \n        \n        <tr class=\"text-line tr\u00e4ffens_namn-input-group\">\n\n          <th for=\"pdb-tr\u00e4ffens_namn-2\">Tr\u00e4ffens namn<span class=\"reqd\">*<\/span><\/th>\n\n          <td>\n\n            <input name=\"tr\u00e4ffens_namn\" id=\"pdb-tr\u00e4ffens_namn-2\" class=\"required-field regular-text\" type=\"text\" value=\"\" \/>\n\n                        \n          <\/td>\n\n        <\/tr>\n  \n        \n        <tr class=\"text-line datum-input-group\">\n\n          <th for=\"pdb-datum-2\">Datum<\/th>\n\n          <td>\n\n            <input name=\"datum\" id=\"pdb-datum-2\" class=\" regular-text\" type=\"text\" value=\"\" \/>\n\n                        \n          <\/td>\n\n        <\/tr>\n  \n        \n        <tr class=\"text-line arrangerande_klubb-input-group\">\n\n          <th for=\"pdb-arrangerande_klubb-2\">Arrangerande klubb<span class=\"reqd\">*<\/span><\/th>\n\n          <td>\n\n            <input name=\"arrangerande_klubb\" id=\"pdb-arrangerande_klubb-2\" class=\"required-field regular-text\" type=\"text\" value=\"\" \/>\n\n                        \n          <\/td>\n\n        <\/tr>\n  \n        \n        <tr class=\"text-line city-input-group\">\n\n          <th for=\"pdb-city-2\">Ort<span class=\"reqd\">*<\/span><\/th>\n\n          <td>\n\n            <input name=\"city\" id=\"pdb-city-2\" class=\"required-field regular-text\" type=\"text\" value=\"\" \/>\n\n                        \n          <\/td>\n\n        <\/tr>\n  \n        \n        <tr class=\"text-line pdbgmap_latitude-input-group\">\n\n          <th for=\"pdb-pdbgmap_latitude-2\">Koordinater (latitud)<span class=\"reqd\">*<\/span><\/th>\n\n          <td>\n\n            <input name=\"pdbgmap_latitude\" id=\"pdb-pdbgmap_latitude-2\" class=\"required-field regular-text\" type=\"text\" value=\"\" \/>\n\n                        <span class=\"helptext\"><br>Ange i samma format som p\u00e5 Google Map (XX.xxxxxx)<\/span>\n                        \n          <\/td>\n\n        <\/tr>\n  \n        \n        <tr class=\"text-line pdbgmap_longitude-input-group\">\n\n          <th for=\"pdb-pdbgmap_longitude-2\">Koordinater (longitud)<span class=\"reqd\">*<\/span><\/th>\n\n          <td>\n\n            <input name=\"pdbgmap_longitude\" id=\"pdb-pdbgmap_longitude-2\" class=\"required-field regular-text\" type=\"text\" value=\"\" \/>\n\n                        <span class=\"helptext\"><br>Ange i samma format som p\u00e5 Google Map (YY.yyyyyy)<\/span>\n                        \n          <\/td>\n\n        <\/tr>\n  \n        \n        <tr class=\"text-line email-input-group\">\n\n          <th for=\"pdb-email-2\">Kontakt E-post<\/th>\n\n          <td>\n\n            <input name=\"email\" id=\"pdb-email-2\" class=\" regular-text\" type=\"text\" value=\"\" \/>\n\n                        \n          <\/td>\n\n        <\/tr>\n  \n        \n        <tr class=\"text-line kontaktperson-input-group\">\n\n          <th for=\"pdb-kontaktperson-2\">Kontaktperson<span class=\"reqd\">*<\/span><\/th>\n\n          <td>\n\n            <input name=\"kontaktperson\" id=\"pdb-kontaktperson-2\" class=\"required-field regular-text\" type=\"text\" value=\"\" \/>\n\n                        \n          <\/td>\n\n        <\/tr>\n  \n        \n        <tr class=\"text-line kontakt_via_telefon-input-group\">\n\n          <th for=\"pdb-kontakt_via_telefon-2\">Kontakt via telefon<\/th>\n\n          <td>\n\n            <input name=\"kontakt_via_telefon\" id=\"pdb-kontakt_via_telefon-2\" class=\" regular-text\" type=\"text\" value=\"\" \/>\n\n                        \n          <\/td>\n\n        <\/tr>\n  \n        \n        <tr class=\"link tr\u00e4ffens_klubbens_hemsida-input-group\">\n\n          <th for=\"pdb-tr\u00e4ffens_klubbens_hemsida-2\">Tr\u00e4ffens\/klubbens hemsida<\/th>\n\n          <td>\n\n            <div class=\"link-element\">\n<input name=\"tr\u00e4ffens_klubbens_hemsida[]\" id=\"pdb-tr\u00e4ffens_klubbens_hemsida-2-url\" placeholder=\"(URL)\" type=\"url\" value=\"\" \/>\n<input name=\"tr\u00e4ffens_klubbens_hemsida[]\" id=\"pdb-tr\u00e4ffens_klubbens_hemsida-2-text\" placeholder=\"Link Text\" type=\"text\" value=\"\" \/><\/div>\n\n                        <span class=\"helptext\">L\u00e4nk till tr\u00e4ffens eller klubbens hemsida<\/span>\n                        \n          <\/td>\n\n        <\/tr>\n  \n        \n        <tr class=\"link facebook_sida-input-group\">\n\n          <th for=\"pdb-facebook_sida-2\">Facebook-sida<\/th>\n\n          <td>\n\n            <div class=\"link-element\">\n<input name=\"facebook_sida[]\" id=\"pdb-facebook_sida-2-url\" placeholder=\"(URL)\" type=\"url\" value=\"\" \/>\n<input name=\"facebook_sida[]\" id=\"pdb-facebook_sida-2-text\" placeholder=\"Link Text\" type=\"text\" value=\"\" \/><\/div>\n\n                        \n          <\/td>\n\n        <\/tr>\n  \n        \n        <tr class=\"rich-text allm\u00e4n_info-input-group\">\n\n          <th for=\"pdb-allm\u00e4n_info-2\">Allm\u00e4n info<span class=\"reqd\">*<\/span><\/th>\n\n          <td>\n\n            <textarea name=\"allm\u00e4n_info\" id=\"pdb_allmn_info_two\" rows=&quot;20&quot; cols=&quot;40&quot;>\n\n<\/textarea>\n    <script>\n      jQuery(function ($) {\n        if (wp.editor) {\n          wp.editor.initialize(\"pdb_allmn_info_two\", {\"wpautop\":true,\"media_buttons\":false,\"default_editor\":\"\",\"drag_drop_upload\":false,\"textarea_name\":\"allmu00e4n_info\",\"textarea_rows\":20,\"tabindex\":\"\",\"tabfocus_elements\":\":prev,:next\",\"editor_css\":\"\",\"editor_class\":\"\",\"teeny\":false,\"_content_editor_dfw\":false,\"tinymce\":{\"theme\":\"modern\",\"skin\":\"lightgray\",\"language\":\"sv\",\"formats\":{alignleft: [{selector: \"p,h1,h2,h3,h4,h5,h6,td,th,div,ul,ol,li\", styles: {textAlign:\"left\"}},{selector: \"img,table,dl.wp-caption\", classes: \"alignleft\"}],aligncenter: [{selector: \"p,h1,h2,h3,h4,h5,h6,td,th,div,ul,ol,li\", styles: {textAlign:\"center\"}},{selector: \"img,table,dl.wp-caption\", classes: \"aligncenter\"}],alignright: [{selector: \"p,h1,h2,h3,h4,h5,h6,td,th,div,ul,ol,li\", styles: {textAlign:\"right\"}},{selector: \"img,table,dl.wp-caption\", classes: \"alignright\"}],strikethrough: {inline: \"del\"}},\"relative_urls\":false,\"remove_script_host\":false,\"convert_urls\":false,\"browser_spellcheck\":true,\"fix_list_elements\":true,\"entities\":\"38,amp,60,lt,62,gt\",\"entity_encoding\":\"raw\",\"keep_styles\":false,\"cache_suffix\":\"wp-mce-49110-20250317\",\"resize\":\"vertical\",\"menubar\":false,\"branding\":false,\"preview_styles\":\"font-family font-size font-weight font-style text-decoration text-transform\",\"end_container_on_empty_block\":true,\"wpeditimage_html5_captions\":true,\"wp_lang_attr\":\"sv-SE\",\"wp_shortcut_labels\":{\"Heading 1\":\"access1\",\"Heading 2\":\"access2\",\"Heading 3\":\"access3\",\"Heading 4\":\"access4\",\"Heading 5\":\"access5\",\"Heading 6\":\"access6\",\"Paragraph\":\"access7\",\"Blockquote\":\"accessQ\",\"Underline\":\"metaU\",\"Strikethrough\":\"accessD\",\"Bold\":\"metaB\",\"Italic\":\"metaI\",\"Code\":\"accessX\",\"Align center\":\"accessC\",\"Align right\":\"accessR\",\"Align left\":\"accessL\",\"Justify\":\"accessJ\",\"Cut\":\"metaX\",\"Copy\":\"metaC\",\"Paste\":\"metaV\",\"Select all\":\"metaA\",\"Undo\":\"metaZ\",\"Redo\":\"metaY\",\"Bullet list\":\"accessU\",\"Numbered list\":\"accessO\",\"Insert\/edit image\":\"accessM\",\"Insert\/edit link\":\"metaK\",\"Remove link\":\"accessS\",\"Toolbar Toggle\":\"accessZ\",\"Insert Read More tag\":\"accessT\",\"Insert Page Break tag\":\"accessP\",\"Distraction-free writing mode\":\"accessW\",\"Add Media\":\"accessM\",\"Keyboard Shortcuts\":\"accessH\"},\"content_css\":\"https:\/\/rcff.se\/events\/wp-includes\/css\/dashicons.min.css?ver=6.9.4,https:\/\/rcff.se\/events\/wp-includes\/js\/tinymce\/skins\/wordpress\/wp-content.css?ver=6.9.4\",\"plugins\":\"charmap,colorpicker,hr,lists,media,paste,tabfocus,textcolor,fullscreen,wordpress,wpautoresize,wpeditimage,wpemoji,wpgallery,wplink,wpdialogs,wptextpattern,wpview,image\",\"selector\":\"#pdb_allmn_info_two\",\"wpautop\":true,\"indent\":false,\"toolbar1\":\"formatselect,bold,italic,bullist,numlist,blockquote,alignleft,aligncenter,alignright,link,wp_more,spellchecker,fullscreen,wp_adv\",\"toolbar2\":\"strikethrough,hr,forecolor,pastetext,removeformat,charmap,outdent,indent,undo,redo,wp_help\",\"toolbar3\":\"\",\"toolbar4\":\"\",\"tabfocus_elements\":\":prev,:next\",\"body_class\":\"pdb_allmn_info_two post-type-page post-status-publish page-template-template-fullwidth locale-sv-se\",\"setup\":[function(ed){ed.on('input',function(e){jQuery(this.container).trigger('pdb-tinymce-change');});}][0],\"height\":\"24em\"},\"quicktags\":true});\n                  } else {\n          console.warn('WP Core text editor not loaded: rich text editors are disabled.');\n        }\n      });\n    <\/script>\n    \n\n                        <span class=\"helptext\">Skriv en enkel presentation av tr\u00e4ffen.<\/span>\n                        \n          <\/td>\n\n        <\/tr>\n  \n        \n        <tr class=\"image-upload l\u00e4gg_till_bild-input-group\">\n\n          <th for=\"pdb-l\u00e4gg_till_bild-2\">L\u00e4gg till bild<\/th>\n\n          <td>\n\n            <div class=\"pdb-upload\">\n<input name=\"MAX_FILE_SIZE\" type=\"hidden\" value=\"16777216\" \/>\n\n<input name=\"l\u00e4gg_till_bild\" type=\"hidden\" value=\"\" \/>\n\n<input name=\"l\u00e4gg_till_bild\" id=\"pdb-l\u00e4gg_till_bild-2\" type=\"file\" value=\"\" \/>\n<\/div>\n\n                        <span class=\"helptext\">Bilden f\u00e5r vara max 2 Mb och i n\u00e5got av formaten .png .jpg .jpeg eller .gif med fil\u00e4ndelsen synlig i filnamnet. <\/span>\n                        \n          <\/td>\n\n        <\/tr>\n  \n        \n        <tr class=\"text-line slogan-input-group\">\n\n          <th for=\"pdb-slogan-2\">Slogan<\/th>\n\n          <td>\n\n            <input name=\"slogan\" id=\"pdb-slogan-2\" class=\" regular-text\" type=\"text\" value=\"\" \/>\n\n                        \n          <\/td>\n\n        <\/tr>\n  \n        \n        <tr class=\"dropdown avpublicera-input-group\">\n\n          <th for=\"pdb-avpublicera-2\">Publicera<span class=\"reqd\">*<\/span><\/th>\n\n          <td>\n\n            <select name=\"avpublicera\" id=\"pdb-avpublicera-2\" class=\"required-field\">\n<option value=\"\"><\/option>\n<option value=\"Publicera\" selected=\"selected\">Publicera<\/option>\n<option value=\"Radera\">Radera<\/option>\n<\/select>\n\n                        <span class=\"helptext\">Du kan ta bort fr\u00e5n karta och lista genom att v\u00e4lja \"radera\".<\/span>\n                        \n          <\/td>\n\n        <\/tr>\n  \n                \n        <\/tbody>\n\n      \n      <tbody class=\"field-group field-group-personal\">\n        \n                <tr class=\"signup-group\">\n          <td colspan=\"2\">\n            \n            <h3 class=\"pdb-group-title\">Administrativa uppgifter<\/h3>            <p class=\"pdb-group-description\">Dessa uppgifter \u00e4r bara f\u00f6r internt bruk och publiceras inte.<\/p>\n          <\/td>\n        <\/tr>\n        \n        \n        <tr class=\"text-line f\u00f6rnamn_admin-input-group\">\n\n          <th for=\"pdb-f\u00f6rnamn_admin-2\">F\u00f6rnamn (admin)<span class=\"reqd\">*<\/span><\/th>\n\n          <td>\n\n            <input name=\"f\u00f6rnamn_admin\" id=\"pdb-f\u00f6rnamn_admin-2\" class=\"required-field regular-text\" type=\"text\" value=\"\" \/>\n\n                        <span class=\"helptext\">Den som ansvarar f\u00f6r uppgifterna, publiceras inte.<\/span>\n                        \n          <\/td>\n\n        <\/tr>\n  \n        \n        <tr class=\"text-line efternamn_admin-input-group\">\n\n          <th for=\"pdb-efternamn_admin-2\">Efternamn (admin)<span class=\"reqd\">*<\/span><\/th>\n\n          <td>\n\n            <input name=\"efternamn_admin\" id=\"pdb-efternamn_admin-2\" class=\"required-field regular-text\" type=\"text\" value=\"\" \/>\n\n                        <span class=\"helptext\">Den som ansvarar f\u00f6r uppgifterna, publiceras inte.<\/span>\n                        \n          <\/td>\n\n        <\/tr>\n  \n        \n        <tr class=\"text-line e_post_admin-input-group\">\n\n          <th for=\"pdb-e_post_admin-2\">E-post (admin)<span class=\"reqd\">*<\/span><\/th>\n\n          <td>\n\n            <input name=\"e_post_admin\" id=\"pdb-e_post_admin-2\" class=\"required-field regular-text\" type=\"text\" value=\"\" \/>\n\n                        <span class=\"helptext\">Ange din egen epostadress f\u00f6r administration, publiceras inte.<\/span>\n                        \n          <\/td>\n\n        <\/tr>\n  \n        \n        <tr class=\"text-line telefon_admin-input-group\">\n\n          <th for=\"pdb-telefon_admin-2\">Telefon (admin)<span class=\"reqd\">*<\/span><\/th>\n\n          <td>\n\n            <input name=\"telefon_admin\" id=\"pdb-telefon_admin-2\" class=\"required-field regular-text\" type=\"text\" value=\"\" \/>\n\n                        <span class=\"helptext\">Ditt privata telefonnummer f\u00f6r administration, publiceras inte.<\/span>\n                        \n          <\/td>\n\n        <\/tr>\n  \n        \n        <tr class=\"multi-checkbox gdpr-input-group\">\n\n          <th for=\"pdb-gdpr-2\">GDPR<span class=\"reqd\">*<\/span><\/th>\n\n          <td>\n\n            <div class=\"multicheckbox\">\n<input name=\"gdpr[]\" id=\"pdb-gdpr-2-default\" class=\"required-field\" type=\"hidden\" value=\"\" \/>\n<div class=\"checkbox-group\">\n<fieldset class=\"no-border\">\n<legend class=\"screen-reader-text\">GDPR<\/legend>\n<label class=\"required-field\" for=\"pdb-gdpr-godknner-2\">\n<input name=\"gdpr[]\" id=\"pdb-gdpr-godknner-2\" class=\"required-field\" type=\"checkbox\" value=\"Godk\u00e4nner\" \/>\nGodk\u00e4nner<\/label>\n<\/fieldset><!-- .no-border --><\/div><!-- .checkbox-group -->\n<\/div>\n\n                        <span class=\"helptext\">Du m\u00e5ste godk\u00e4nna att uppgifterna f\u00e5r publiceras p\u00e5 webben<\/span>\n                        \n          <\/td>\n\n        <\/tr>\n  \n        \n        <tr class=\"captcha captcha-input-group\">\n\n          <th for=\"pdb-captcha-2\">captcha<span class=\"reqd\">*<\/span><\/th>\n\n          <td>\n\n            <input name=\"captcha[]\" type=\"hidden\" value=\"%7B%22type%22%3A%22recaptcha%22%2C%22nonce%22%3A%22%22%2C%22info%22%3A%5B%5D%7D\" \/>\n\n\n      <div id=\"recaptcha-widget\"><\/div>\n\n      \n\n                        \n          <\/td>\n\n        <\/tr>\n  \n                \n        <\/tbody>\n\n            \n        <tbody class=\"field-group field-group-submit\">\n      \n        <tr>\n          <td class=\"submit-buttons\">\n            \n           <input name=\"submit_button\" class=\"button-primary pdb-submit\" type=\"submit\" value=\"Registrera uppgifterna\" \/>\n            \n          <\/td>\n          <td class=\"submit-buttons\">\n            \n           <span class=\"pdb-retrieve-link\"><a href=\"https:\/\/rcff.se\/events\/?page_id=23&amp;m=r\">Har du f\u00f6rlorat din privata l\u00e4nk? Klicka h\u00e4r f\u00f6r att f\u00e5 den skickad till dig p\u00e5 nytt.<\/a><\/span>           \n          <\/td>\n        <\/tr>\n        \n      <\/tbody>\n      \n    <\/table>\n    \n  <\/form>  \n<\/div>\n\n\n\n<p>N\u00e4r du skickat formul\u00e4ret f\u00e5r du bekr\u00e4ftelse till din E-postadress. Ser du inte mailet &#8211; kolla om det sorterats till skr\u00e4pkorgen.<\/p>\n\n\n\n<p><\/p>\n","protected":false},"excerpt":{"rendered":"<p>Registrering av modellflygtr\u00e4ff Fyll i en kortfattad beskrivning av tr\u00e4ffen. Viktigt att du anger uppgifter d\u00e4r man kan hitta ytterligare info, t ex adress till hemsida, Facebook eller liknande. Det &#8230;<\/p>\n","protected":false},"author":1,"featured_media":7,"parent":0,"menu_order":0,"comment_status":"closed","ping_status":"closed","template":"template-fullwidth.php","meta":{"footnotes":""},"class_list":["post-23","page","type-page","status-publish","has-post-thumbnail","hentry"],"_links":{"self":[{"href":"https:\/\/rcff.se\/events\/index.php?rest_route=\/wp\/v2\/pages\/23","targetHints":{"allow":["GET"]}}],"collection":[{"href":"https:\/\/rcff.se\/events\/index.php?rest_route=\/wp\/v2\/pages"}],"about":[{"href":"https:\/\/rcff.se\/events\/index.php?rest_route=\/wp\/v2\/types\/page"}],"author":[{"embeddable":true,"href":"https:\/\/rcff.se\/events\/index.php?rest_route=\/wp\/v2\/users\/1"}],"replies":[{"embeddable":true,"href":"https:\/\/rcff.se\/events\/index.php?rest_route=%2Fwp%2Fv2%2Fcomments&post=23"}],"version-history":[{"count":7,"href":"https:\/\/rcff.se\/events\/index.php?rest_route=\/wp\/v2\/pages\/23\/revisions"}],"predecessor-version":[{"id":266,"href":"https:\/\/rcff.se\/events\/index.php?rest_route=\/wp\/v2\/pages\/23\/revisions\/266"}],"wp:featuredmedia":[{"embeddable":true,"href":"https:\/\/rcff.se\/events\/index.php?rest_route=\/wp\/v2\/media\/7"}],"wp:attachment":[{"href":"https:\/\/rcff.se\/events\/index.php?rest_route=%2Fwp%2Fv2%2Fmedia&parent=23"}],"curies":[{"name":"wp","href":"https:\/\/api.w.org\/{rel}","templated":true}]}}