{"id":2659,"date":"2025-10-15T16:01:28","date_gmt":"2025-10-15T14:01:28","guid":{"rendered":"https:\/\/rcff.se\/?page_id=2659"},"modified":"2025-12-02T20:40:16","modified_gmt":"2025-12-02T19:40:16","slug":"rcffs-malsattning","status":"publish","type":"page","link":"https:\/\/rcff.se\/?page_id=2659","title":{"rendered":"RCFFs m\u00e5ls\u00e4ttning"},"content":{"rendered":"<div id=\"content-1\" class=\"content-full-left-image-section\" style=\"background-color: #ffffff; background-image: none;\" data-label=\"Content\" data-id=\"content-full-left-image-section\" data-category=\"content\" data-ovid=\"ovid-content-1-854\">\n<div class=\"content-full-left-image-innerrow\">\n<div class=\"content-full-left-image-imgcol\" style=\"background-image: url('https:\/\/rcff.se\/wp-content\/uploads\/2025\/10\/185405578_4085482464805131_6208520362957288818_n-2.jpg');\" data-bg=\"image\"><\/div>\n<div class=\"content-full-left-image-textcol dynamic-color\">\n<div class=\"\" data-type=\"column\">\n<p class=\"\"><strong>Svenska RC-Flygf\u00f6rbundet \u00e4r en ideell f\u00f6rening som har till syfte att fr\u00e4mja utbredningen av modellhobby som rekreation i Sverige.<\/strong><\/p>\n<p>RCFF \u00e4r frist\u00e5ende fr\u00e5n Riksidrottsf\u00f6rbundet och Flygsportf\u00f6rbundet \/ Sveriges Modellflygf\u00f6rbund. Det inneb\u00e4r att vi inte f\u00e5r n\u00e5got ekonomiskt st\u00f6d f\u00f6r v\u00e5r verksamhet i form av bidrag ur skattemedel. Vi har ett visst samarbete med Sveriges Modelllfygf\u00f6rbund d\u00e5 vi sk\u00f6ter kontakterna med Transportstyrelsen r\u00f6rande tillst\u00e5nden f\u00f6r <strong>alla modellflygf\u00e4lt<\/strong> i landet, \u00e4ven de f\u00e4lt som \u00e4r kopplade till SMFF-anslutna klubbar. Hanteringen sker via F\u00e4ltregistret som driftas av RCFF.<\/p>\n<p>V\u00e5r ambition med detta samarbete \u00e4r att alla modellflygare skall vara v\u00e4lkomna som medlemmar i de svenska modellflygklubbarna oberoende av vilken f\u00f6rbundstillh\u00f6righet man v\u00e4ljer.<\/p>\n<p><em>Allt v\u00e5rt arbete sker p\u00e5 ideell bas och ingen uppb\u00e4r arvode eller annan ers\u00e4ttning f\u00f6r sina insatser.<\/em><\/p>\n<p><span style=\"font-size: revert;\"><b>RCFFs ambition och arbete<\/b><\/span><\/p>\n<ul>\n<li><span style=\"font-size: revert;\">Erbjuda ungdomar en utvecklande och intressant hobby<\/span><\/li>\n<li>Erbjuda pension\u00e4rer m\u00f6jligheten till rekreation och gemenskap<\/li>\n<li>Arbeta f\u00f6r h\u00f6g s\u00e4kerhet vid ut\u00f6vande av modellflyg<\/li>\n<li>Stor del i framtagandet av \u00f6vergripande regler f\u00f6r modellflyg utomhus<\/li>\n<li>Ansvars- och personf\u00f6rs\u00e4kring vid ut\u00f6vande av modellflyg<\/li>\n<li>Verka f\u00f6r ett h\u00f6gt milj\u00f6medvetande<\/li>\n<li>Sprida kunskap om modellflyg i alla dess former<\/li>\n<li>Skydda och bevaka modellflygarnas intressen nu och framtiden<\/li>\n<li>Driver hela modellflygets fr\u00e5gor i kontakterna med Transportstyrelsen<\/li>\n<li>Ansvarar f\u00f6r F\u00e4ltregistret som \u00e4r grunden f\u00f6r modellflygets godk\u00e4nnande enligt Artikel 16<\/li>\n<li>Ha korta beslutsv\u00e4gar genom en okomplicerad struktur och genomskinlighet<\/li>\n<li>Genom modern teknik str\u00e4va efter att h\u00e5lla f\u00f6rbundets kostnader s\u00e5 l\u00e5ga som m\u00f6jligt<\/li>\n<li>F\u00f6rbundet skall vara demokratiskt med full insyn f\u00f6r medlemmarna<\/li>\n<li>Varje medlem har en r\u00f6st<\/li>\n<li>Bist\u00e5 medlemmar och klubbar med information och st\u00f6d<\/li>\n<li>Bist\u00e5 klubbar med ekonomiska bidrag inom ambitionen \u201dH\u00e4lften tillbaka\u201d<\/li>\n<li>Str\u00e4var efter att g\u00f6ra modellflyget synligt i media och samh\u00e4lle.<\/li>\n<\/ul>\n<p>RCFFs ambition \u00e4r \u00e4van att kunna ge ekonomiskt st\u00f6d till de medlemsklubbar som genom publika arrangemang vill verka f\u00f6r ett \u00f6kat intresse f\u00f6r modellflyget.<\/p>\n<\/div>\n<div class=\"content-full-left-image-featuresrow\">\n<div class=\"content-full-left-image-featurescol\" data-type=\"column\"><\/div>\n<div class=\"content-full-left-image-featurescol\" data-type=\"column\"><\/div>\n<\/div>\n<\/div>\n<\/div>\n<\/div>\n","protected":false},"excerpt":{"rendered":"<p>Svenska RC-Flygf\u00f6rbundet \u00e4r en ideell f\u00f6rening som har till syfte att fr\u00e4mja utbredningen av modellhobby som rekreation i Sverige. RCFF \u00e4r frist\u00e5ende fr\u00e5n Riksidrottsf\u00f6rbundet och Flygsportf\u00f6rbundet \/ Sveriges Modellflygf\u00f6rbund. Det &#8230;<\/p>\n","protected":false},"author":1,"featured_media":0,"parent":0,"menu_order":0,"comment_status":"closed","ping_status":"closed","template":"template-fullwidth.php","meta":{"postBodyCss":"","postBodyMargin":[],"postBodyPadding":[],"postBodyBackground":{"backgroundType":"classic","gradient":""},"enableOnePageScrollInPage":false,"onePageScrollCss":"body.gutenkit .gkit-one-page-scroll-dots { --navigation-color: #00ff0d; --navigation-color-active: #00ff0d; --navigation-color-hover: #00ff0d; --navigation-tooltip-arrow-color: #00ff0d; --navigation-tooltip-arrow-color-hover: #00ff0d; } body.gutenkit .gkit-one-page-scroll-dots li.gkit-one-page-scroll-dot .gkit-one-page-scroll-tooltip { color: #ffffff; background-color: #00ff0d; } body.gutenkit .gkit-one-page-scroll-dots li.gkit-one-page-scroll-dot .gkit-one-page-scroll-tooltip:hover { color: #fff; background-color: #00ff0d; }","onePageScrollSpeed":1000,"onePageScrollAnimation":"easeInOutQuad","onePageScrollShowDotNavigation":true,"onePageScrollNavigation":"scaleUp","onePageScrollNavigationPosition":"right","onePageScrollNavigationHorizontal":[],"onePageScrollNavigationVertical":[],"onePageScrollNavigationSpacing":[],"onePageScrollNavigationColor":"#00ff0d","onePageScrollNavigationColorHover":"#00ff0d","onePageScrollNavigationColorActive":"#00ff0d","onePageScrollNavigationIcon":[],"onePageScrollNavigationWidth":[],"onePageScrollNavigationWidthHover":[],"onePageScrollNavigationWidthActive":[],"onePageScrollNavigationHeight":[],"onePageScrollNavigationHeightHover":[],"onePageScrollNavigationHeightActive":[],"onePageScrollNavigationBorder":[],"onePageScrollNavigationBorderHover":[],"onePageScrollNavigationBorderActive":[],"onePageScrollNavigationBorderRadius":[],"onePageScrollNavigationBorderRadiusHover":[],"onePageScrollNavigationBorderRadiusActive":[],"onePageScrollNavigationTooltipTypography":[],"onePageScrollNavigationTooltipColor":"#ffffff","onePageScrollNavigationTooltipColorHover":"","onePageScrollNavigationTooltipBgColor":"#00ff0d","onePageScrollNavigationTooltipBgColorHover":"","onePageScrollNavigationTooltipPadding":[],"onePageScrollNavigationTooltipPaddingHover":[],"onePageScrollNavigationTooltipBorderRadius":[],"onePageScrollNavigationTooltipBorderRadiusHover":[],"pageSettingsCustomCss":"","footnotes":""},"class_list":["post-2659","page","type-page","status-publish","hentry"],"_links":{"self":[{"href":"https:\/\/rcff.se\/index.php?rest_route=\/wp\/v2\/pages\/2659","targetHints":{"allow":["GET"]}}],"collection":[{"href":"https:\/\/rcff.se\/index.php?rest_route=\/wp\/v2\/pages"}],"about":[{"href":"https:\/\/rcff.se\/index.php?rest_route=\/wp\/v2\/types\/page"}],"author":[{"embeddable":true,"href":"https:\/\/rcff.se\/index.php?rest_route=\/wp\/v2\/users\/1"}],"replies":[{"embeddable":true,"href":"https:\/\/rcff.se\/index.php?rest_route=%2Fwp%2Fv2%2Fcomments&post=2659"}],"version-history":[{"count":13,"href":"https:\/\/rcff.se\/index.php?rest_route=\/wp\/v2\/pages\/2659\/revisions"}],"predecessor-version":[{"id":3002,"href":"https:\/\/rcff.se\/index.php?rest_route=\/wp\/v2\/pages\/2659\/revisions\/3002"}],"wp:attachment":[{"href":"https:\/\/rcff.se\/index.php?rest_route=%2Fwp%2Fv2%2Fmedia&parent=2659"}],"curies":[{"name":"wp","href":"https:\/\/api.w.org\/{rel}","templated":true}]}}