{"id":2809,"date":"2025-10-19T22:39:24","date_gmt":"2025-10-19T20:39:24","guid":{"rendered":"https:\/\/rcff.se\/?page_id=2809"},"modified":"2025-12-02T19:57:27","modified_gmt":"2025-12-02T18:57:27","slug":"rcffs-forum","status":"publish","type":"page","link":"https:\/\/rcff.se\/?page_id=2809","title":{"rendered":"www.RCFLYG.SE"},"content":{"rendered":"\n<p style=\"font-size:16px\">V\u00e5rt diskussionsforum \u00e4r en viktig resurs f\u00f6r modellflygarna i Sverige och navet RCFFs kommunikation. <br><a href=\"https:\/\/www.rcflyg.se\" data-type=\"link\" data-id=\"https:\/\/www.rcflyg.se\" target=\"_blank\" rel=\"noreferrer noopener\">\u00d6ppna forumet i eget f\u00f6nster.<\/a><\/p>\n\n\n\n<figure class=\"wp-block-image size-full\"><a href=\"https:\/\/www.rcflyg.se\" target=\"_blank\" rel=\" noreferrer noopener\"><img loading=\"lazy\" decoding=\"async\" width=\"948\" height=\"150\" src=\"https:\/\/rcff.se\/wp-content\/uploads\/2025\/10\/image.jpeg\" alt=\"\" class=\"wp-image-2925\" srcset=\"https:\/\/rcff.se\/wp-content\/uploads\/2025\/10\/image.jpeg 948w, https:\/\/rcff.se\/wp-content\/uploads\/2025\/10\/image-300x47.jpeg 300w, https:\/\/rcff.se\/wp-content\/uploads\/2025\/10\/image-768x122.jpeg 768w\" sizes=\"auto, (max-width: 948px) 100vw, 948px\" \/><\/a><\/figure>\n\n\n\n<p style=\"font-size:45px\"><\/p>\n\n\n\n<p><\/p>\n","protected":false},"excerpt":{"rendered":"<p>V\u00e5rt diskussionsforum \u00e4r en viktig resurs f\u00f6r modellflygarna i Sverige och navet RCFFs kommunikation. \u00d6ppna forumet i eget f\u00f6nster.<\/p>\n","protected":false},"author":1,"featured_media":0,"parent":0,"menu_order":0,"comment_status":"closed","ping_status":"closed","template":"template-fullwidth.php","meta":{"postBodyCss":"","postBodyMargin":[],"postBodyPadding":[],"postBodyBackground":{"backgroundType":"classic","gradient":""},"enableOnePageScrollInPage":false,"onePageScrollCss":"body.gutenkit .gkit-one-page-scroll-dots { --navigation-color: #00ff0d; --navigation-color-active: #00ff0d; --navigation-color-hover: #00ff0d; --navigation-tooltip-arrow-color: #00ff0d; --navigation-tooltip-arrow-color-hover: #00ff0d; } body.gutenkit .gkit-one-page-scroll-dots li.gkit-one-page-scroll-dot .gkit-one-page-scroll-tooltip { color: #ffffff; background-color: #00ff0d; } body.gutenkit .gkit-one-page-scroll-dots li.gkit-one-page-scroll-dot .gkit-one-page-scroll-tooltip:hover { color: #fff; background-color: #00ff0d; }","onePageScrollSpeed":1000,"onePageScrollAnimation":"easeInOutQuad","onePageScrollShowDotNavigation":true,"onePageScrollNavigation":"scaleUp","onePageScrollNavigationPosition":"right","onePageScrollNavigationHorizontal":[],"onePageScrollNavigationVertical":[],"onePageScrollNavigationSpacing":[],"onePageScrollNavigationColor":"#00ff0d","onePageScrollNavigationColorHover":"#00ff0d","onePageScrollNavigationColorActive":"#00ff0d","onePageScrollNavigationIcon":[],"onePageScrollNavigationWidth":[],"onePageScrollNavigationWidthHover":[],"onePageScrollNavigationWidthActive":[],"onePageScrollNavigationHeight":[],"onePageScrollNavigationHeightHover":[],"onePageScrollNavigationHeightActive":[],"onePageScrollNavigationBorder":[],"onePageScrollNavigationBorderHover":[],"onePageScrollNavigationBorderActive":[],"onePageScrollNavigationBorderRadius":[],"onePageScrollNavigationBorderRadiusHover":[],"onePageScrollNavigationBorderRadiusActive":[],"onePageScrollNavigationTooltipTypography":[],"onePageScrollNavigationTooltipColor":"#ffffff","onePageScrollNavigationTooltipColorHover":"","onePageScrollNavigationTooltipBgColor":"#00ff0d","onePageScrollNavigationTooltipBgColorHover":"","onePageScrollNavigationTooltipPadding":[],"onePageScrollNavigationTooltipPaddingHover":[],"onePageScrollNavigationTooltipBorderRadius":[],"onePageScrollNavigationTooltipBorderRadiusHover":[],"pageSettingsCustomCss":"","footnotes":""},"class_list":["post-2809","page","type-page","status-publish","hentry"],"_links":{"self":[{"href":"https:\/\/rcff.se\/index.php?rest_route=\/wp\/v2\/pages\/2809","targetHints":{"allow":["GET"]}}],"collection":[{"href":"https:\/\/rcff.se\/index.php?rest_route=\/wp\/v2\/pages"}],"about":[{"href":"https:\/\/rcff.se\/index.php?rest_route=\/wp\/v2\/types\/page"}],"author":[{"embeddable":true,"href":"https:\/\/rcff.se\/index.php?rest_route=\/wp\/v2\/users\/1"}],"replies":[{"embeddable":true,"href":"https:\/\/rcff.se\/index.php?rest_route=%2Fwp%2Fv2%2Fcomments&post=2809"}],"version-history":[{"count":7,"href":"https:\/\/rcff.se\/index.php?rest_route=\/wp\/v2\/pages\/2809\/revisions"}],"predecessor-version":[{"id":3001,"href":"https:\/\/rcff.se\/index.php?rest_route=\/wp\/v2\/pages\/2809\/revisions\/3001"}],"wp:attachment":[{"href":"https:\/\/rcff.se\/index.php?rest_route=%2Fwp%2Fv2%2Fmedia&parent=2809"}],"curies":[{"name":"wp","href":"https:\/\/api.w.org\/{rel}","templated":true}]}}