{"id":2947,"date":"2025-11-01T19:00:36","date_gmt":"2025-11-01T18:00:36","guid":{"rendered":"https:\/\/rcff.se\/?page_id=2947"},"modified":"2025-11-29T20:48:41","modified_gmt":"2025-11-29T19:48:41","slug":"vision","status":"publish","type":"page","link":"https:\/\/rcff.se\/?page_id=2947","title":{"rendered":"VISION&#8230;"},"content":{"rendered":"\n<p>I v\u00e5r bild av framtiden \u00e4r \u00e4r klubbarna den viktigaste resursen f\u00f6r modellflygets \u00f6verlevnad och utveckling &#8211; n\u00e4st efter dig som aktiv modellflygare!  Vi vill att du som individ fritt skall kunna v\u00e4lja f\u00f6rbundstillh\u00f6righet utifr\u00e5n id\u00e9 och \u00f6vertygelse och att v\u00e5ra klubbar skall st\u00e5 upp f\u00f6r denna valfrihet. Nedanst\u00e5ende bild skissar p\u00e5 en m\u00f6jlig utformning av modellflygets framtida organisation.<\/p>\n\n\n\n\t\t<div class=\"wppdfemb-frame-container-1\" style=\"-webkit-overflow-scrolling:auto;\">\n\t\t\t<iframe class=\"pdfembed-iframe nonfullscreen wppdf-emb-iframe-1\"\n\t\t\t\tsrc=\"https:\/\/rcff.se\/?pdfemb-data=eyJwZGZJRCI6Mjk0MSwidXJsIjoiaHR0cHM6XC9cL3JjZmYuc2VcL3dwLWNvbnRlbnRcL3VwbG9hZHNcLzIwMjVcLzExXC9Nb2RlbGxmbHlnX0ZyYW10aWRfdmlzaW9uXzIwMjUxMTAxLnBkZiIsImluZGV4IjoxfQ\"\n\t\t\t\tdata-pdf-id=\"2941\"\n\t\t\t\tdata-pdf-index=\"1\"\n\t\t\t\tstyle=\"border:none;width:100%;max-width:100%;height:100vh;\"\n\t\t\t\tscrolling=\"yes\">\n\t\t\t<\/iframe>\n\t\t<\/div>\n\n\t\t","protected":false},"excerpt":{"rendered":"<p>I v\u00e5r bild av framtiden \u00e4r \u00e4r klubbarna den viktigaste resursen f\u00f6r modellflygets \u00f6verlevnad och utveckling &#8211; n\u00e4st efter dig som aktiv modellflygare! Vi vill att du som individ fritt &#8230;<\/p>\n","protected":false},"author":1,"featured_media":0,"parent":0,"menu_order":0,"comment_status":"closed","ping_status":"closed","template":"template-fullwidth.php","meta":{"postBodyCss":"","postBodyMargin":[],"postBodyPadding":[],"postBodyBackground":{"backgroundType":"classic","gradient":""},"enableOnePageScrollInPage":false,"onePageScrollCss":"body.gutenkit .gkit-one-page-scroll-dots { --navigation-color: #00ff0d; --navigation-color-active: #00ff0d; --navigation-color-hover: #00ff0d; --navigation-tooltip-arrow-color: #00ff0d; --navigation-tooltip-arrow-color-hover: #00ff0d; } body.gutenkit .gkit-one-page-scroll-dots li.gkit-one-page-scroll-dot .gkit-one-page-scroll-tooltip { color: #ffffff; background-color: #00ff0d; } body.gutenkit .gkit-one-page-scroll-dots li.gkit-one-page-scroll-dot .gkit-one-page-scroll-tooltip:hover { color: #fff; background-color: #00ff0d; }","onePageScrollSpeed":1000,"onePageScrollAnimation":"easeInOutQuad","onePageScrollShowDotNavigation":true,"onePageScrollNavigation":"scaleUp","onePageScrollNavigationPosition":"right","onePageScrollNavigationHorizontal":[],"onePageScrollNavigationVertical":[],"onePageScrollNavigationSpacing":[],"onePageScrollNavigationColor":"#00ff0d","onePageScrollNavigationColorHover":"#00ff0d","onePageScrollNavigationColorActive":"#00ff0d","onePageScrollNavigationIcon":[],"onePageScrollNavigationWidth":[],"onePageScrollNavigationWidthHover":[],"onePageScrollNavigationWidthActive":[],"onePageScrollNavigationHeight":[],"onePageScrollNavigationHeightHover":[],"onePageScrollNavigationHeightActive":[],"onePageScrollNavigationBorder":[],"onePageScrollNavigationBorderHover":[],"onePageScrollNavigationBorderActive":[],"onePageScrollNavigationBorderRadius":[],"onePageScrollNavigationBorderRadiusHover":[],"onePageScrollNavigationBorderRadiusActive":[],"onePageScrollNavigationTooltipTypography":[],"onePageScrollNavigationTooltipColor":"#ffffff","onePageScrollNavigationTooltipColorHover":"","onePageScrollNavigationTooltipBgColor":"#00ff0d","onePageScrollNavigationTooltipBgColorHover":"","onePageScrollNavigationTooltipPadding":[],"onePageScrollNavigationTooltipPaddingHover":[],"onePageScrollNavigationTooltipBorderRadius":[],"onePageScrollNavigationTooltipBorderRadiusHover":[],"pageSettingsCustomCss":"","footnotes":""},"class_list":["post-2947","page","type-page","status-publish","hentry"],"_links":{"self":[{"href":"https:\/\/rcff.se\/index.php?rest_route=\/wp\/v2\/pages\/2947","targetHints":{"allow":["GET"]}}],"collection":[{"href":"https:\/\/rcff.se\/index.php?rest_route=\/wp\/v2\/pages"}],"about":[{"href":"https:\/\/rcff.se\/index.php?rest_route=\/wp\/v2\/types\/page"}],"author":[{"embeddable":true,"href":"https:\/\/rcff.se\/index.php?rest_route=\/wp\/v2\/users\/1"}],"replies":[{"embeddable":true,"href":"https:\/\/rcff.se\/index.php?rest_route=%2Fwp%2Fv2%2Fcomments&post=2947"}],"version-history":[{"count":3,"href":"https:\/\/rcff.se\/index.php?rest_route=\/wp\/v2\/pages\/2947\/revisions"}],"predecessor-version":[{"id":2977,"href":"https:\/\/rcff.se\/index.php?rest_route=\/wp\/v2\/pages\/2947\/revisions\/2977"}],"wp:attachment":[{"href":"https:\/\/rcff.se\/index.php?rest_route=%2Fwp%2Fv2%2Fmedia&parent=2947"}],"curies":[{"name":"wp","href":"https:\/\/api.w.org\/{rel}","templated":true}]}}