{"id":3024,"date":"2025-12-09T13:51:08","date_gmt":"2025-12-09T12:51:08","guid":{"rendered":"https:\/\/rcff.se\/?page_id=3024"},"modified":"2025-12-09T13:51:39","modified_gmt":"2025-12-09T12:51:39","slug":"forsakringar","status":"publish","type":"page","link":"https:\/\/rcff.se\/?page_id=3024","title":{"rendered":"F\u00f6rs\u00e4kringar"},"content":{"rendered":"\n<p>RCFF tecknar 2 f\u00f6rs\u00e4kringar f\u00f6r sina medlemmar enligt nedan.<\/p>\n\n\n\n<p><strong>Ansvarsf\u00f6rs\u00e4kring<\/strong><\/p>\n\n\n\n<p>RCFF tecknar en ansvarsf\u00f6rs\u00e4kring f\u00f6r alla sina medlemmar hos f\u00f6rs\u00e4kringbolaget IF. F\u00f6rs\u00e4kringen g\u00e4ller vid ut\u00f6vande av v\u00e5r flyghobby n\u00e4r det sker inom de gemensamma regler som RCFF\/SMFF kommit \u00f6verens om och som TS godk\u00e4nt som grund f\u00f6r v\u00e5rt godk\u00e4nnande enligt Artikel16. Den g\u00e4ller allts\u00e5 p\u00e5&nbsp;<strong>alla<\/strong>&nbsp;godk\u00e4nda modellflygf\u00e4lt i Sverige oavsett vilket f\u00f6rbund f\u00e4ltet\/klubben \u00e4r kopplad till. P\u00e5 godk\u00e4nda modellflygf\u00e4lt beh\u00f6vs inte dr\u00f6narkort utan det r\u00e4cker med Operat\u00f6rs-ID.<\/p>\n\n\n\n<p>F\u00f6rs\u00e4kringen g\u00e4ller ocks\u00e5 f\u00f6r medlemmar som flyger utanf\u00f6r v\u00e5rt Artikel16-godk\u00e4nnande, d v s p\u00e5 l\u00e4mplig plats utanf\u00f6r ett godk\u00e4nt modellflygf\u00e4lt, under f\u00f6ruts\u00e4ttning att man d\u00e5 f\u00f6ljer de allm\u00e4nna dr\u00f6narreglerna. OBS att man d\u00e5 beh\u00f6ver inneha ett dr\u00f6narkort A1\/A3 och Operat\u00f6rs-ID.&nbsp;<\/p>\n\n\n\n<p>F\u00f6rs\u00e4kringen g\u00e4ller f\u00f6r klassiskt modellflyg och &#8220;dr\u00f6nare&#8221; om man f\u00f6ljer de gemensamma reglerna.<br>Ansvarsf\u00f6rs\u00e4kringen g\u00e4ller utan undantag i hela v\u00e4rlden!<\/p>\n\n\n\n<p><strong>Olycksfallsf\u00f6rs\u00e4kring<\/strong><\/p>\n\n\n\n<p>Medlemmar omfattas ocks\u00e5 av olycksfallsf\u00f6rs\u00f6kring hos IF. Den g\u00e4ller vid olycksfallsskada som drabbar den f\u00f6rs\u00e4krade under ut\u00f6vning av modellflygning i f\u00f6rs\u00e4kringstagarens regi inom Norden. F\u00f6rs\u00e4kringen g\u00e4ller \u00e4ven f\u00f6r medlemmar fr\u00e5n EU\/EES\/Schweiz under aktivitet i Norden.<br><\/p>\n\n\n\n<p>Senast redigerad av kjni; 2025-02-13, 12:19.<\/p>\n\n\n\n<p><\/p>\n","protected":false},"excerpt":{"rendered":"<p>RCFF tecknar 2 f\u00f6rs\u00e4kringar f\u00f6r sina medlemmar enligt nedan. Ansvarsf\u00f6rs\u00e4kring RCFF tecknar en ansvarsf\u00f6rs\u00e4kring f\u00f6r alla sina medlemmar hos f\u00f6rs\u00e4kringbolaget IF. F\u00f6rs\u00e4kringen g\u00e4ller vid ut\u00f6vande av v\u00e5r flyghobby n\u00e4r det &#8230;<\/p>\n","protected":false},"author":5,"featured_media":0,"parent":0,"menu_order":0,"comment_status":"closed","ping_status":"closed","template":"template-fullwidth.php","meta":{"postBodyCss":"","postBodyMargin":[],"postBodyPadding":[],"postBodyBackground":{"backgroundType":"classic","gradient":""},"enableOnePageScrollInPage":false,"onePageScrollCss":"body.gutenkit .gkit-one-page-scroll-dots { --navigation-color: #00ff0d; --navigation-color-active: #00ff0d; --navigation-color-hover: #00ff0d; --navigation-tooltip-arrow-color: #00ff0d; --navigation-tooltip-arrow-color-hover: #00ff0d; } body.gutenkit .gkit-one-page-scroll-dots li.gkit-one-page-scroll-dot .gkit-one-page-scroll-tooltip { color: #ffffff; background-color: #00ff0d; } body.gutenkit .gkit-one-page-scroll-dots li.gkit-one-page-scroll-dot .gkit-one-page-scroll-tooltip:hover { color: #fff; background-color: #00ff0d; }","onePageScrollSpeed":1000,"onePageScrollAnimation":"easeInOutQuad","onePageScrollShowDotNavigation":true,"onePageScrollNavigation":"scaleUp","onePageScrollNavigationPosition":"right","onePageScrollNavigationHorizontal":[],"onePageScrollNavigationVertical":[],"onePageScrollNavigationSpacing":[],"onePageScrollNavigationColor":"#00ff0d","onePageScrollNavigationColorHover":"#00ff0d","onePageScrollNavigationColorActive":"#00ff0d","onePageScrollNavigationIcon":[],"onePageScrollNavigationWidth":[],"onePageScrollNavigationWidthHover":[],"onePageScrollNavigationWidthActive":[],"onePageScrollNavigationHeight":[],"onePageScrollNavigationHeightHover":[],"onePageScrollNavigationHeightActive":[],"onePageScrollNavigationBorder":[],"onePageScrollNavigationBorderHover":[],"onePageScrollNavigationBorderActive":[],"onePageScrollNavigationBorderRadius":[],"onePageScrollNavigationBorderRadiusHover":[],"onePageScrollNavigationBorderRadiusActive":[],"onePageScrollNavigationTooltipTypography":[],"onePageScrollNavigationTooltipColor":"#ffffff","onePageScrollNavigationTooltipColorHover":"","onePageScrollNavigationTooltipBgColor":"#00ff0d","onePageScrollNavigationTooltipBgColorHover":"","onePageScrollNavigationTooltipPadding":[],"onePageScrollNavigationTooltipPaddingHover":[],"onePageScrollNavigationTooltipBorderRadius":[],"onePageScrollNavigationTooltipBorderRadiusHover":[],"pageSettingsCustomCss":"","footnotes":""},"class_list":["post-3024","page","type-page","status-publish","hentry"],"_links":{"self":[{"href":"https:\/\/rcff.se\/index.php?rest_route=\/wp\/v2\/pages\/3024","targetHints":{"allow":["GET"]}}],"collection":[{"href":"https:\/\/rcff.se\/index.php?rest_route=\/wp\/v2\/pages"}],"about":[{"href":"https:\/\/rcff.se\/index.php?rest_route=\/wp\/v2\/types\/page"}],"author":[{"embeddable":true,"href":"https:\/\/rcff.se\/index.php?rest_route=\/wp\/v2\/users\/5"}],"replies":[{"embeddable":true,"href":"https:\/\/rcff.se\/index.php?rest_route=%2Fwp%2Fv2%2Fcomments&post=3024"}],"version-history":[{"count":1,"href":"https:\/\/rcff.se\/index.php?rest_route=\/wp\/v2\/pages\/3024\/revisions"}],"predecessor-version":[{"id":3025,"href":"https:\/\/rcff.se\/index.php?rest_route=\/wp\/v2\/pages\/3024\/revisions\/3025"}],"wp:attachment":[{"href":"https:\/\/rcff.se\/index.php?rest_route=%2Fwp%2Fv2%2Fmedia&parent=3024"}],"curies":[{"name":"wp","href":"https:\/\/api.w.org\/{rel}","templated":true}]}}