{"id":3029,"date":"2025-12-18T13:46:30","date_gmt":"2025-12-18T12:46:30","guid":{"rendered":"https:\/\/rcff.se\/?page_id=3029"},"modified":"2026-03-14T18:18:12","modified_gmt":"2026-03-14T17:18:12","slug":"medlemsbrev","status":"publish","type":"page","link":"https:\/\/rcff.se\/?page_id=3029","title":{"rendered":"V\u00e5rh\u00e4lsning"},"content":{"rendered":"\n<figure class=\"wp-block-image alignwide size-large\"><img loading=\"lazy\" decoding=\"async\" width=\"1024\" height=\"768\" src=\"https:\/\/rcff.se\/wp-content\/uploads\/2026\/03\/IMG_1360-1024x768.jpeg\" alt=\"\" class=\"wp-image-3092\" srcset=\"https:\/\/rcff.se\/wp-content\/uploads\/2026\/03\/IMG_1360-1024x768.jpeg 1024w, https:\/\/rcff.se\/wp-content\/uploads\/2026\/03\/IMG_1360-300x225.jpeg 300w, https:\/\/rcff.se\/wp-content\/uploads\/2026\/03\/IMG_1360-768x576.jpeg 768w, https:\/\/rcff.se\/wp-content\/uploads\/2026\/03\/IMG_1360-1536x1152.jpeg 1536w, https:\/\/rcff.se\/wp-content\/uploads\/2026\/03\/IMG_1360-2048x1536.jpeg 2048w\" sizes=\"auto, (max-width: 1024px) 100vw, 1024px\" \/><\/figure>\n\n\n\n<p><strong>Snart \u00e4r det dags f\u00f6r ny flygs\u00e4song. Vill fr\u00e5n RCFF tacka f\u00f6r \u00e5ret som g\u00e5tt och \u00f6nskar att 2026 blir ett fint \u00e5r f\u00f6r modellflyget och modellflygarna i Sverige. V\u00e5r ambition f\u00f6r \u00e5ret som kommer \u00e4r att jobba f\u00f6r en b\u00e4ttre kontakt mellan RCFF och de svenska modellflygklubbarna.<\/strong><\/p>\n\n\n\n<p>RCFF har hittills haft ganska mycket fokus p\u00e5 de enskilda medlemmarna och ambitionen att tillhandah\u00e5lla en bra ansvars- och olycksfallsf\u00f6rs\u00e4kring. Vi har ocks\u00e5 lagt ner mycket jobb p\u00e5 v\u00e5ra kontakter med Transportstyrelsen f\u00f6r att g\u00f6ra det m\u00f6jligt att bedriva modellflyget ungef\u00e4r som f\u00f6rr. Detta trots ett regelverk runt dr\u00f6nare som minskar frihet och tillg\u00e5ng till det l\u00e5ga luftrummet. H\u00e4r vill vi vara tydliga med att hela arbetet med F\u00e4ltregistret och kontakterna med TS f\u00f6r modellflygets undantag fr\u00e5n dr\u00f6narreglerna enligt Artikel 16 drivits fr\u00e5n RCFF, \u00e4ven f\u00f6r SMFFs medlemmar. Vi kommer att forts\u00e4tta detta viktiga arbete fram\u00f6ver.<\/p>\n\n\n\n<p>F\u00f6r \u00e5ret som ligger framf\u00f6r \u00e4r v\u00e5ra planer att skapa ett kontaktn\u00e4t direkt till de klubbar i landet som har v\u00e5ra medlemmar anslutna. Rent praktiskt kommer det att ske genom att vi uppmanar dessa klubbar att meddela oss en kontaktperson. Vi kommer sedan att&nbsp; anv\u00e4nda Cardskippers mailfunktion f\u00f6r att h\u00e5lla dessa personer uppdaterade om vad som h\u00e4nder inom f\u00f6rbundet s\u00e5 att kontaktpersonen i sin tur kan f\u00f6rmedla till sin klubbkompisar.&nbsp;<\/p>\n\n\n\n<p>Vi lanserar ocks\u00e5 en ny web-sida d\u00e4r vi kommer att ha samlad f\u00f6rbundsinformation.<\/p>\n\n\n\n<p>VI inbjuder ocks\u00e5 alla klubbar i landet som har RCFF-medlemmar att publicera klubbinfo och annonsera sina klubbaktiviteter p\u00e5 RCFFs websida. VI har valt att satsa p\u00e5 en traditionell web-sida vid sidan av v\u00e5rt diskussionsforum RC-Flyg ist\u00e4llet f\u00f6r splittra v\u00e5r v\u00e5r info p\u00e5 andra sociala medier. Vi tror att det d\u00e5 blir l\u00e4ttare att ha en kontinuitet \u00f6ver tiden med en fast plats p\u00e5 n\u00e4tet. <\/p>\n\n\n\n<p>N\u00e4r det g\u00e4ller v\u00e5rt forum jobbar vi med en genomg\u00e5ng av inneh\u00e5llet och en anpassning av strukturen. Ambitionen \u00e4r att f\u00e5 till en \u00f6kad aktivitet som \u00e5terspeglar allt som sker inom det svenska modellflyget. V\u00e5rt forum \u00e4r Sveriges st\u00f6rsta diskussionsplats f\u00f6r modellflyg i alla dess former. Det \u00e4r ocks\u00e5 en stomme i RCFFs verksamhet d\u00e4r vi h\u00e5ller omr\u00f6stningar mm vid v\u00e5ra \u00e5rsm\u00f6ten.<\/p>\n\n\n\n<p>Oavsett v\u00e5ra anstr\u00e4ngningar f\u00f6r att fr\u00e4mja modellflyget \u2013 <strong>Du \u00e4r den allra viktigaste faktorn f\u00f6r utveckling och inspiration<\/strong>. <strong>Det \u00e4r genom Ditt intresse och lokala arbete som vi tillsammans kan sprida kunskap om modellflyget som en fantastisk hobby f\u00f6r alla. B\u00e5de unga och gamla!<\/strong><\/p>\n\n\n\n<p>Vi vill uppmana Dig att ta en titt p\u00e5 v\u00e5r websida https:\/\/rcff.se och att <a href=\"https:\/\/rcff.se\/?page_id=2814\">fylla i en presentation av din klubb med uppgifter om kiubbens kontaktperson<\/a>. Du kan anv\u00e4nda websidans kontaktformul\u00e4r f\u00f6r fr\u00e5gor och funderingar.<\/p>\n\n\n\n<p>Vi tar f\u00f6rst\u00e5s ocks\u00e5 g\u00e4rna emot Dina synpunkter p\u00e5 v\u00e5rt framtida arbete.<\/p>\n\n\n\n<p>Ha en riktigt fin v\u00e5r!<\/p>\n\n\n\n<p>Med v\u00e4nlig h\u00e4lsning,&nbsp;<br>RCFFs styrelse <\/p>\n\n\n\n<p>Tomas H\u00e4gle. ordf\u00f6rande<br>Kjell Nilsson, kass\u00f6r<\/p>\n\n\n\n<p><\/p>\n","protected":false},"excerpt":{"rendered":"<p>Snart \u00e4r det dags f\u00f6r ny flygs\u00e4song. Vill fr\u00e5n RCFF tacka f\u00f6r \u00e5ret som g\u00e5tt och \u00f6nskar att 2026 blir ett fint \u00e5r f\u00f6r modellflyget och modellflygarna i Sverige. V\u00e5r &#8230;<\/p>\n","protected":false},"author":5,"featured_media":0,"parent":0,"menu_order":0,"comment_status":"closed","ping_status":"closed","template":"template-fullwidth.php","meta":{"postBodyCss":"","postBodyMargin":[],"postBodyPadding":[],"postBodyBackground":{"backgroundType":"classic","gradient":""},"enableOnePageScrollInPage":false,"onePageScrollCss":"body.gutenkit .gkit-one-page-scroll-dots { --navigation-color: #00ff0d; --navigation-color-active: #00ff0d; --navigation-color-hover: #00ff0d; --navigation-tooltip-arrow-color: #00ff0d; --navigation-tooltip-arrow-color-hover: #00ff0d; } body.gutenkit .gkit-one-page-scroll-dots li.gkit-one-page-scroll-dot .gkit-one-page-scroll-tooltip { color: #ffffff; background-color: #00ff0d; } body.gutenkit .gkit-one-page-scroll-dots li.gkit-one-page-scroll-dot .gkit-one-page-scroll-tooltip:hover { color: #fff; background-color: #00ff0d; }","onePageScrollSpeed":1000,"onePageScrollAnimation":"easeInOutQuad","onePageScrollShowDotNavigation":true,"onePageScrollNavigation":"scaleUp","onePageScrollNavigationPosition":"right","onePageScrollNavigationHorizontal":[],"onePageScrollNavigationVertical":[],"onePageScrollNavigationSpacing":[],"onePageScrollNavigationColor":"#00ff0d","onePageScrollNavigationColorHover":"#00ff0d","onePageScrollNavigationColorActive":"#00ff0d","onePageScrollNavigationIcon":[],"onePageScrollNavigationWidth":[],"onePageScrollNavigationWidthHover":[],"onePageScrollNavigationWidthActive":[],"onePageScrollNavigationHeight":[],"onePageScrollNavigationHeightHover":[],"onePageScrollNavigationHeightActive":[],"onePageScrollNavigationBorder":[],"onePageScrollNavigationBorderHover":[],"onePageScrollNavigationBorderActive":[],"onePageScrollNavigationBorderRadius":[],"onePageScrollNavigationBorderRadiusHover":[],"onePageScrollNavigationBorderRadiusActive":[],"onePageScrollNavigationTooltipTypography":[],"onePageScrollNavigationTooltipColor":"#ffffff","onePageScrollNavigationTooltipColorHover":"","onePageScrollNavigationTooltipBgColor":"#00ff0d","onePageScrollNavigationTooltipBgColorHover":"","onePageScrollNavigationTooltipPadding":[],"onePageScrollNavigationTooltipPaddingHover":[],"onePageScrollNavigationTooltipBorderRadius":[],"onePageScrollNavigationTooltipBorderRadiusHover":[],"pageSettingsCustomCss":"","footnotes":""},"class_list":["post-3029","page","type-page","status-publish","hentry"],"_links":{"self":[{"href":"https:\/\/rcff.se\/index.php?rest_route=\/wp\/v2\/pages\/3029","targetHints":{"allow":["GET"]}}],"collection":[{"href":"https:\/\/rcff.se\/index.php?rest_route=\/wp\/v2\/pages"}],"about":[{"href":"https:\/\/rcff.se\/index.php?rest_route=\/wp\/v2\/types\/page"}],"author":[{"embeddable":true,"href":"https:\/\/rcff.se\/index.php?rest_route=\/wp\/v2\/users\/5"}],"replies":[{"embeddable":true,"href":"https:\/\/rcff.se\/index.php?rest_route=%2Fwp%2Fv2%2Fcomments&post=3029"}],"version-history":[{"count":9,"href":"https:\/\/rcff.se\/index.php?rest_route=\/wp\/v2\/pages\/3029\/revisions"}],"predecessor-version":[{"id":3095,"href":"https:\/\/rcff.se\/index.php?rest_route=\/wp\/v2\/pages\/3029\/revisions\/3095"}],"wp:attachment":[{"href":"https:\/\/rcff.se\/index.php?rest_route=%2Fwp%2Fv2%2Fmedia&parent=3029"}],"curies":[{"name":"wp","href":"https:\/\/api.w.org\/{rel}","templated":true}]}}