{"id":3053,"date":"2025-12-28T11:36:57","date_gmt":"2025-12-28T10:36:57","guid":{"rendered":"https:\/\/rcff.se\/?page_id=3053"},"modified":"2026-03-14T18:19:24","modified_gmt":"2026-03-14T17:19:24","slug":"nyheter","status":"publish","type":"page","link":"https:\/\/rcff.se\/?page_id=3053","title":{"rendered":"Nyheter"},"content":{"rendered":"\n<p><strong>H\u00e4r listar vi nyheter som ber\u00f6r modellflyget:<\/strong><br><\/p>\n\n\n\n<p class=\"has-vivid-red-color has-text-color has-link-color wp-elements-aeee043c6289c7ded38cb49385130b3d\">2026-02-25: <strong>VIKTIGT!<\/strong> Du som har ett medlemskap i RCFF f\u00f6r 2025 beh\u00f6ver f\u00f6rnya det innan 28\/2 f\u00f6r att forts\u00e4tta som medlem. Om du inte g\u00f6r det upph\u00f6r din ansvarsf\u00f6rs\u00e4kring som g\u00e4ller vid modellflygning. Du kan inte heller modellflyga utan dr\u00f6narkort p\u00e5 v\u00e5ra godk\u00e4nda modellflygf\u00e4lt. Det finns allts\u00e5 goda sk\u00e4l att f\u00f6rl\u00e4nga medlemskapet.<\/p>\n\n\n\n<p>VI har skickat ut ett par p\u00e5minnelser, b\u00e5de i appen Cardskipper d\u00e4r du har ditt medlemskort, samt i mail. Senaste p\u00e5minnelsen skickades ut 23\/2. En s\u00e5dan p\u00e5minnelse g\u00e5r bara ut till de som \u00e4nnu inte f\u00f6rl\u00e4ngt sitt medlemskap.<\/p>\n\n\n\n<p>H\u00e4r en \u00f6versikt av utskicket fr\u00e5n 23\/2, OBS att det endast g\u00e5tt till de som inte betalat avgiften f\u00f6r 2026:<\/p>\n\n\n\n<figure class=\"wp-block-image size-full\"><img loading=\"lazy\" decoding=\"async\" width=\"376\" height=\"106\" src=\"https:\/\/rcff.se\/wp-content\/uploads\/2026\/02\/Cardskipper_Administration.png\" alt=\"\" class=\"wp-image-3079\" srcset=\"https:\/\/rcff.se\/wp-content\/uploads\/2026\/02\/Cardskipper_Administration.png 376w, https:\/\/rcff.se\/wp-content\/uploads\/2026\/02\/Cardskipper_Administration-300x85.png 300w\" sizes=\"auto, (max-width: 376px) 100vw, 376px\" \/><\/figure>\n\n\n\n<p>Det verkar som kontaktv\u00e4gen via appen i telefonen inte fungerar bra d\u00e5 endast 16 av 287 som installerat appen anv\u00e4nder den. <\/p>\n\n\n\n<p>Enklaste s\u00e4ttet att f\u00f6rl\u00e4gna sitt medlemskap \u00e4r att anv\u00e4nda den l\u00e4nk som finns i meddelandet i appen eller i mailet. D\u00e5 kan du betala direkt med kort, Swish eller GooglePay\/ApplePay och ditt medlemskort uppdateras direkt.<\/p>\n\n\n\n<p>Om du inte kan anv\u00e4nda ovanst\u00e5ende betalningsv\u00e4gar g\u00e5r det ocks\u00e5 att betala 100 kr via Swish till 123&nbsp;557&nbsp;33&nbsp;57. <\/p>\n\n\n\n<figure class=\"wp-block-image size-full is-resized\"><img loading=\"lazy\" decoding=\"async\" width=\"625\" height=\"945\" src=\"https:\/\/rcff.se\/wp-content\/uploads\/2026\/02\/swish-QR-small-3.png\" alt=\"\" class=\"wp-image-3082\" style=\"aspect-ratio:0.6613981762917933;width:193px;height:auto\" srcset=\"https:\/\/rcff.se\/wp-content\/uploads\/2026\/02\/swish-QR-small-3.png 625w, https:\/\/rcff.se\/wp-content\/uploads\/2026\/02\/swish-QR-small-3-198x300.png 198w\" sizes=\"auto, (max-width: 625px) 100vw, 625px\" \/><\/figure>\n\n\n\n<p><a href=\"https:\/\/apply.cardskipper.se\/shop\/757ad882-87e5-4c44-8b2f-bfbbc21a9d64\" data-type=\"link\" data-id=\"https:\/\/apply.cardskipper.se\/shop\/757ad882-87e5-4c44-8b2f-bfbbc21a9d64\" target=\"_blank\" rel=\"noreferrer noopener\">Om du inte varit medlem tidigare beh\u00f6ver du anv\u00e4nda l\u00e4nken h\u00e4r ist\u00e4llet <\/a>d\u00e5 vi beh\u00f6ver uppgifter ut\u00f6ver vad som syns p\u00e5 en Swishbetalning.<\/p>\n\n\n\n<hr class=\"wp-block-separator has-alpha-channel-opacity\"\/>\n\n\n\n<p><br>2025-12-15: EMFUs svar till EASA om f\u00f6renklingar\/f\u00f6rb\u00e4ttringar. <a href=\"https:\/\/rcff.se\/?page_id=3048\" data-type=\"page\" data-id=\"3048\">EMFU\/EASA<\/a><\/p>\n\n\n\n<p>2025-12-30: RCFFs svar till EASA. till stor del kopierat fr\u00e5n EMFUs svar. Sammanfattat &#8211; g\u00f6r modellflyget till en egen kategori utanf\u00f6r dr\u00f6narreglerna, ta bort \u00e5ldersrestriktioner, registreringstv\u00e5ng och h\u00f6jdrestriktioner. <\/p>\n\n\n\n<p><\/p>\n","protected":false},"excerpt":{"rendered":"<p>H\u00e4r listar vi nyheter som ber\u00f6r modellflyget: 2026-02-25: VIKTIGT! Du som har ett medlemskap i RCFF f\u00f6r 2025 beh\u00f6ver f\u00f6rnya det innan 28\/2 f\u00f6r att forts\u00e4tta som medlem. Om du &#8230;<\/p>\n","protected":false},"author":5,"featured_media":0,"parent":0,"menu_order":0,"comment_status":"closed","ping_status":"closed","template":"template-fullwidth.php","meta":{"postBodyCss":"","postBodyMargin":[],"postBodyPadding":[],"postBodyBackground":{"backgroundType":"classic","gradient":""},"enableOnePageScrollInPage":false,"onePageScrollCss":"body.gutenkit .gkit-one-page-scroll-dots { --navigation-color: #00ff0d; --navigation-color-active: #00ff0d; --navigation-color-hover: #00ff0d; --navigation-tooltip-arrow-color: #00ff0d; --navigation-tooltip-arrow-color-hover: #00ff0d; } body.gutenkit .gkit-one-page-scroll-dots li.gkit-one-page-scroll-dot .gkit-one-page-scroll-tooltip { color: #ffffff; background-color: #00ff0d; } body.gutenkit .gkit-one-page-scroll-dots li.gkit-one-page-scroll-dot .gkit-one-page-scroll-tooltip:hover { color: #fff; background-color: #00ff0d; }","onePageScrollSpeed":1000,"onePageScrollAnimation":"easeInOutQuad","onePageScrollShowDotNavigation":true,"onePageScrollNavigation":"scaleUp","onePageScrollNavigationPosition":"right","onePageScrollNavigationHorizontal":[],"onePageScrollNavigationVertical":[],"onePageScrollNavigationSpacing":[],"onePageScrollNavigationColor":"#00ff0d","onePageScrollNavigationColorHover":"#00ff0d","onePageScrollNavigationColorActive":"#00ff0d","onePageScrollNavigationIcon":[],"onePageScrollNavigationWidth":[],"onePageScrollNavigationWidthHover":[],"onePageScrollNavigationWidthActive":[],"onePageScrollNavigationHeight":[],"onePageScrollNavigationHeightHover":[],"onePageScrollNavigationHeightActive":[],"onePageScrollNavigationBorder":[],"onePageScrollNavigationBorderHover":[],"onePageScrollNavigationBorderActive":[],"onePageScrollNavigationBorderRadius":[],"onePageScrollNavigationBorderRadiusHover":[],"onePageScrollNavigationBorderRadiusActive":[],"onePageScrollNavigationTooltipTypography":[],"onePageScrollNavigationTooltipColor":"#ffffff","onePageScrollNavigationTooltipColorHover":"","onePageScrollNavigationTooltipBgColor":"#00ff0d","onePageScrollNavigationTooltipBgColorHover":"","onePageScrollNavigationTooltipPadding":[],"onePageScrollNavigationTooltipPaddingHover":[],"onePageScrollNavigationTooltipBorderRadius":[],"onePageScrollNavigationTooltipBorderRadiusHover":[],"pageSettingsCustomCss":"","footnotes":""},"class_list":["post-3053","page","type-page","status-publish","hentry"],"_links":{"self":[{"href":"https:\/\/rcff.se\/index.php?rest_route=\/wp\/v2\/pages\/3053","targetHints":{"allow":["GET"]}}],"collection":[{"href":"https:\/\/rcff.se\/index.php?rest_route=\/wp\/v2\/pages"}],"about":[{"href":"https:\/\/rcff.se\/index.php?rest_route=\/wp\/v2\/types\/page"}],"author":[{"embeddable":true,"href":"https:\/\/rcff.se\/index.php?rest_route=\/wp\/v2\/users\/5"}],"replies":[{"embeddable":true,"href":"https:\/\/rcff.se\/index.php?rest_route=%2Fwp%2Fv2%2Fcomments&post=3053"}],"version-history":[{"count":9,"href":"https:\/\/rcff.se\/index.php?rest_route=\/wp\/v2\/pages\/3053\/revisions"}],"predecessor-version":[{"id":3096,"href":"https:\/\/rcff.se\/index.php?rest_route=\/wp\/v2\/pages\/3053\/revisions\/3096"}],"wp:attachment":[{"href":"https:\/\/rcff.se\/index.php?rest_route=%2Fwp%2Fv2%2Fmedia&parent=3053"}],"curies":[{"name":"wp","href":"https:\/\/api.w.org\/{rel}","templated":true}]}}